{"id":1029,"date":"2020-06-08T14:33:37","date_gmt":"2020-06-08T14:33:37","guid":{"rendered":"https:\/\/erzgraeber.de\/?page_id=1029"},"modified":"2020-06-08T15:11:40","modified_gmt":"2020-06-08T15:11:40","slug":"zubehoer","status":"publish","type":"page","link":"https:\/\/erzgraeber.de\/?page_id=1029","title":{"rendered":"Zubeh\u00f6r"},"content":{"rendered":"\n<h3 class=\"wp-block-heading\">Zubeh\u00f6r f\u00fcr Fleischw\u00f6lfe<\/h3>\n\n\n\n<figure class=\"wp-block-table is-style-stripes\"><table><tbody><tr><td>Auja Klingen<\/td><td>Gr. 30\/32 <br>B\/C\/D\/E\/H<br>1 Pack = 12 Stk.<\/td><\/tr><tr><td>Auja Messer<\/td><td>B \/ C \/ D \/ E \/ H \/ Nr. 32 \/ R70<br>4- und 3-fl\u00fcglig<\/td><\/tr><tr><td>Auja Scheiben<\/td><td>B \/ C \/ D \/ E \/ H \/ Nr. 32 \/ R70<br>mit versch. Lochdurchmessern<\/td><\/tr><tr><td>Auja Vorschneider<\/td><td>B \/ C \/ D \/ E \/ H \/ R70<\/td><\/tr><tr><td>Einlegering<\/td><td>B \/ D \/ H \/ R70<\/td><\/tr><tr><td>Jopp Schraubklingen<\/td><td>C \/ D \/ E \/ H<\/td><\/tr><tr><td>Lico Swiss<\/td><td>Klingen B \/ D \/ H \/ R70<br>Messer B \/ D \/ H \/ R70<\/td><\/tr><\/tbody><\/table><\/figure>\n\n\n\n<figure class=\"wp-block-table is-style-stripes\"><table><tbody><tr><td>Klingen f\u00fcr Rippenzieher<\/td><td><\/td><\/tr><tr><td>Maja Entschwarteklingen<\/td><td>versch. Gr\u00f6\u00dfen<\/td><\/tr><tr><td>Dick Fleischgabel<\/td><td><\/td><\/tr><tr><td>Fleischklopfer<\/td><td><\/td><\/tr><tr><td>Grillzangen<\/td><td><\/td><\/tr><\/tbody><\/table><\/figure>\n","protected":false},"excerpt":{"rendered":"<p>Zubeh\u00f6r f\u00fcr Fleischw\u00f6lfe Auja Klingen Gr. 30\/32 B\/C\/D\/E\/H1 Pack = 12 Stk. Auja Messer B \/ C \/ D \/ E \/ H \/ Nr. 32 \/ R704- und 3-fl\u00fcglig Auja Scheiben B \/ C \/ D \/ E \/ H \/ Nr. 32 \/ R70mit versch. Lochdurchmessern Auja Vorschneider B \/ C \/ D [&hellip;]<\/p>\n","protected":false},"author":1,"featured_media":0,"parent":0,"menu_order":0,"comment_status":"closed","ping_status":"closed","template":"","meta":{"footnotes":""},"class_list":["post-1029","page","type-page","status-publish","hentry"],"jetpack_sharing_enabled":true,"_links":{"self":[{"href":"https:\/\/erzgraeber.de\/index.php?rest_route=\/wp\/v2\/pages\/1029"}],"collection":[{"href":"https:\/\/erzgraeber.de\/index.php?rest_route=\/wp\/v2\/pages"}],"about":[{"href":"https:\/\/erzgraeber.de\/index.php?rest_route=\/wp\/v2\/types\/page"}],"author":[{"embeddable":true,"href":"https:\/\/erzgraeber.de\/index.php?rest_route=\/wp\/v2\/users\/1"}],"replies":[{"embeddable":true,"href":"https:\/\/erzgraeber.de\/index.php?rest_route=%2Fwp%2Fv2%2Fcomments&post=1029"}],"version-history":[{"count":3,"href":"https:\/\/erzgraeber.de\/index.php?rest_route=\/wp\/v2\/pages\/1029\/revisions"}],"predecessor-version":[{"id":1073,"href":"https:\/\/erzgraeber.de\/index.php?rest_route=\/wp\/v2\/pages\/1029\/revisions\/1073"}],"wp:attachment":[{"href":"https:\/\/erzgraeber.de\/index.php?rest_route=%2Fwp%2Fv2%2Fmedia&parent=1029"}],"curies":[{"name":"wp","href":"https:\/\/api.w.org\/{rel}","templated":true}]}}