{"id":1439,"date":"2021-09-09T19:26:49","date_gmt":"2021-09-09T19:26:49","guid":{"rendered":"https:\/\/erzgraeber.de\/?page_id=1439"},"modified":"2021-09-17T20:34:09","modified_gmt":"2021-09-17T20:34:09","slug":"australische-lammfelle","status":"publish","type":"page","link":"https:\/\/erzgraeber.de\/?page_id=1439","title":{"rendered":"Australische Lammfelle"},"content":{"rendered":"\n<p style=\"font-size:19px\">Bei uns k\u00f6nnen Sie aus vielen australischen Lammfellen in nat\u00fcrlichen gedeckten Farben als auch in knalligen Trendfarben entscheiden. Mehr Farben sind auf der Webseite von <a href=\"https:\/\/heitmann-felle.de\/de\/produkte\/lammfelle_uebersicht.php\" target=\"_blank\" rel=\"noreferrer noopener\">Heitmann Felle<\/a> zu entdecken, die auf Wunsch von uns bestellt werden k\u00f6nnen. <br>Die Felle sind ca. 1m x 68 cm gro\u00df, vollwollig und weich. Hier sehen Sie eine kleine Auswahl der verf\u00fcgbaren Farben:<\/p>\n\n\n\n<div class=\"wp-block-columns is-layout-flex wp-container-core-columns-is-layout-1 wp-block-columns-is-layout-flex\">\n<div class=\"wp-block-column is-layout-flow wp-block-column-is-layout-flow\">\n<figure class=\"wp-block-image size-large\"><a href=\"https:\/\/erzgraeber.de\/wp-content\/uploads\/2021\/09\/australisch_mauve-scaled.jpg\"><img loading=\"lazy\" decoding=\"async\" width=\"1873\" height=\"1873\" src=\"https:\/\/erzgraeber.de\/wp-content\/uploads\/2021\/09\/australisch_mauve-1873x1873.jpg\" alt=\"\" class=\"wp-image-1375\" srcset=\"https:\/\/erzgraeber.de\/wp-content\/uploads\/2021\/09\/australisch_mauve-1873x1873.jpg 1873w, https:\/\/erzgraeber.de\/wp-content\/uploads\/2021\/09\/australisch_mauve-300x300.jpg 300w, https:\/\/erzgraeber.de\/wp-content\/uploads\/2021\/09\/australisch_mauve-2000x2000.jpg 2000w, https:\/\/erzgraeber.de\/wp-content\/uploads\/2021\/09\/australisch_mauve-768x768.jpg 768w, https:\/\/erzgraeber.de\/wp-content\/uploads\/2021\/09\/australisch_mauve-1536x1536.jpg 1536w, https:\/\/erzgraeber.de\/wp-content\/uploads\/2021\/09\/australisch_mauve-2048x2048.jpg 2048w, https:\/\/erzgraeber.de\/wp-content\/uploads\/2021\/09\/australisch_mauve-144x144.jpg 144w\" sizes=\"(max-width: 1873px) 100vw, 1873px\" \/><\/a><\/figure>\n\n\n\n<p class=\"has-text-align-center\">mauve<\/p>\n<\/div>\n\n\n\n<div class=\"wp-block-column is-layout-flow wp-block-column-is-layout-flow\">\n<figure class=\"wp-block-image size-large\"><a href=\"https:\/\/erzgraeber.de\/wp-content\/uploads\/2021\/09\/australisch_natur-scaled.jpg\"><img loading=\"lazy\" decoding=\"async\" width=\"1873\" height=\"1873\" src=\"https:\/\/erzgraeber.de\/wp-content\/uploads\/2021\/09\/australisch_natur-1873x1873.jpg\" alt=\"\" class=\"wp-image-1370\" srcset=\"https:\/\/erzgraeber.de\/wp-content\/uploads\/2021\/09\/australisch_natur-1873x1873.jpg 1873w, https:\/\/erzgraeber.de\/wp-content\/uploads\/2021\/09\/australisch_natur-300x300.jpg 300w, https:\/\/erzgraeber.de\/wp-content\/uploads\/2021\/09\/australisch_natur-2000x2000.jpg 2000w, https:\/\/erzgraeber.de\/wp-content\/uploads\/2021\/09\/australisch_natur-768x768.jpg 768w, https:\/\/erzgraeber.de\/wp-content\/uploads\/2021\/09\/australisch_natur-1536x1536.jpg 1536w, https:\/\/erzgraeber.de\/wp-content\/uploads\/2021\/09\/australisch_natur-2048x2048.jpg 2048w, https:\/\/erzgraeber.de\/wp-content\/uploads\/2021\/09\/australisch_natur-144x144.jpg 144w\" sizes=\"(max-width: 1873px) 100vw, 1873px\" \/><\/a><\/figure>\n\n\n\n<p class=\"has-text-align-center\">natur (braun mit hellbraunen Spitzen)<\/p>\n<\/div>\n\n\n\n<div class=\"wp-block-column is-layout-flow wp-block-column-is-layout-flow\">\n<figure class=\"wp-block-image size-large\"><a href=\"https:\/\/erzgraeber.de\/wp-content\/uploads\/2021\/09\/ocker_final.jpeg\"><img loading=\"lazy\" decoding=\"async\" width=\"1873\" height=\"1873\" src=\"https:\/\/erzgraeber.de\/wp-content\/uploads\/2021\/09\/ocker_final-1873x1873.jpeg\" alt=\"\" class=\"wp-image-1356\" srcset=\"https:\/\/erzgraeber.de\/wp-content\/uploads\/2021\/09\/ocker_final-1873x1873.jpeg 1873w, https:\/\/erzgraeber.de\/wp-content\/uploads\/2021\/09\/ocker_final-300x300.jpeg 300w, https:\/\/erzgraeber.de\/wp-content\/uploads\/2021\/09\/ocker_final-2000x2000.jpeg 2000w, https:\/\/erzgraeber.de\/wp-content\/uploads\/2021\/09\/ocker_final-768x768.jpeg 768w, https:\/\/erzgraeber.de\/wp-content\/uploads\/2021\/09\/ocker_final-1536x1536.jpeg 1536w, https:\/\/erzgraeber.de\/wp-content\/uploads\/2021\/09\/ocker_final-2048x2048.jpeg 2048w, https:\/\/erzgraeber.de\/wp-content\/uploads\/2021\/09\/ocker_final-144x144.jpeg 144w\" sizes=\"(max-width: 1873px) 100vw, 1873px\" \/><\/a><\/figure>\n\n\n\n<p class=\"has-text-align-center\">ocker<\/p>\n<\/div>\n<\/div>\n\n\n\n<div class=\"wp-block-columns is-layout-flex wp-container-core-columns-is-layout-2 wp-block-columns-is-layout-flex\">\n<div class=\"wp-block-column is-layout-flow wp-block-column-is-layout-flow\">\n<figure class=\"wp-block-image size-large\"><a href=\"https:\/\/erzgraeber.de\/wp-content\/uploads\/2021\/09\/australisch_waldbeere-scaled.jpg\"><img loading=\"lazy\" decoding=\"async\" width=\"1873\" height=\"1873\" src=\"https:\/\/erzgraeber.de\/wp-content\/uploads\/2021\/09\/australisch_waldbeere-1873x1873.jpg\" alt=\"\" class=\"wp-image-1361\" srcset=\"https:\/\/erzgraeber.de\/wp-content\/uploads\/2021\/09\/australisch_waldbeere-1873x1873.jpg 1873w, https:\/\/erzgraeber.de\/wp-content\/uploads\/2021\/09\/australisch_waldbeere-300x300.jpg 300w, https:\/\/erzgraeber.de\/wp-content\/uploads\/2021\/09\/australisch_waldbeere-2000x2000.jpg 2000w, https:\/\/erzgraeber.de\/wp-content\/uploads\/2021\/09\/australisch_waldbeere-768x768.jpg 768w, https:\/\/erzgraeber.de\/wp-content\/uploads\/2021\/09\/australisch_waldbeere-1536x1536.jpg 1536w, https:\/\/erzgraeber.de\/wp-content\/uploads\/2021\/09\/australisch_waldbeere-2048x2048.jpg 2048w, https:\/\/erzgraeber.de\/wp-content\/uploads\/2021\/09\/australisch_waldbeere-144x144.jpg 144w\" sizes=\"(max-width: 1873px) 100vw, 1873px\" \/><\/a><\/figure>\n\n\n\n<p class=\"has-text-align-center\">waldbeere<\/p>\n<\/div>\n\n\n\n<div class=\"wp-block-column is-layout-flow wp-block-column-is-layout-flow\">\n<figure class=\"wp-block-image size-large\"><a href=\"https:\/\/erzgraeber.de\/wp-content\/uploads\/2021\/09\/australisch_dunkelblau-scaled.jpg\"><img loading=\"lazy\" decoding=\"async\" width=\"1871\" height=\"1873\" src=\"https:\/\/erzgraeber.de\/wp-content\/uploads\/2021\/09\/australisch_dunkelblau-1871x1873.jpg\" alt=\"\" class=\"wp-image-1357\" srcset=\"https:\/\/erzgraeber.de\/wp-content\/uploads\/2021\/09\/australisch_dunkelblau-1871x1873.jpg 1871w, https:\/\/erzgraeber.de\/wp-content\/uploads\/2021\/09\/australisch_dunkelblau-300x300.jpg 300w, https:\/\/erzgraeber.de\/wp-content\/uploads\/2021\/09\/australisch_dunkelblau-768x769.jpg 768w, https:\/\/erzgraeber.de\/wp-content\/uploads\/2021\/09\/australisch_dunkelblau-1534x1536.jpg 1534w, https:\/\/erzgraeber.de\/wp-content\/uploads\/2021\/09\/australisch_dunkelblau-2046x2048.jpg 2046w, https:\/\/erzgraeber.de\/wp-content\/uploads\/2021\/09\/australisch_dunkelblau-144x144.jpg 144w\" sizes=\"(max-width: 1871px) 100vw, 1871px\" \/><\/a><\/figure>\n\n\n\n<p class=\"has-text-align-center\">dunkelblau<\/p>\n<\/div>\n\n\n\n<div class=\"wp-block-column is-layout-flow wp-block-column-is-layout-flow\">\n<figure class=\"wp-block-image size-large\"><a href=\"https:\/\/erzgraeber.de\/wp-content\/uploads\/2021\/09\/australisch_dunkelgruen-scaled.jpg\"><img loading=\"lazy\" decoding=\"async\" width=\"1873\" height=\"1873\" src=\"https:\/\/erzgraeber.de\/wp-content\/uploads\/2021\/09\/australisch_dunkelgruen-1873x1873.jpg\" alt=\"\" class=\"wp-image-1359\" srcset=\"https:\/\/erzgraeber.de\/wp-content\/uploads\/2021\/09\/australisch_dunkelgruen-1873x1873.jpg 1873w, https:\/\/erzgraeber.de\/wp-content\/uploads\/2021\/09\/australisch_dunkelgruen-300x300.jpg 300w, https:\/\/erzgraeber.de\/wp-content\/uploads\/2021\/09\/australisch_dunkelgruen-2000x2000.jpg 2000w, https:\/\/erzgraeber.de\/wp-content\/uploads\/2021\/09\/australisch_dunkelgruen-768x768.jpg 768w, https:\/\/erzgraeber.de\/wp-content\/uploads\/2021\/09\/australisch_dunkelgruen-1536x1536.jpg 1536w, https:\/\/erzgraeber.de\/wp-content\/uploads\/2021\/09\/australisch_dunkelgruen-2048x2048.jpg 2048w, https:\/\/erzgraeber.de\/wp-content\/uploads\/2021\/09\/australisch_dunkelgruen-144x144.jpg 144w\" sizes=\"(max-width: 1873px) 100vw, 1873px\" \/><\/a><\/figure>\n\n\n\n<p class=\"has-text-align-center\">dunkelgr\u00fcn<\/p>\n<\/div>\n<\/div>\n\n\n\n<div class=\"wp-block-columns is-layout-flex wp-container-core-columns-is-layout-3 wp-block-columns-is-layout-flex\">\n<div class=\"wp-block-column is-layout-flow wp-block-column-is-layout-flow\">\n<figure class=\"wp-block-image size-large\"><a href=\"https:\/\/erzgraeber.de\/wp-content\/uploads\/2021\/08\/ross_fell_sessel-scaled.jpeg\"><img loading=\"lazy\" decoding=\"async\" width=\"1873\" height=\"1873\" src=\"https:\/\/erzgraeber.de\/wp-content\/uploads\/2021\/08\/ross_fell_sessel-1873x1873.jpeg\" alt=\"\" class=\"wp-image-1322\" srcset=\"https:\/\/erzgraeber.de\/wp-content\/uploads\/2021\/08\/ross_fell_sessel-1873x1873.jpeg 1873w, https:\/\/erzgraeber.de\/wp-content\/uploads\/2021\/08\/ross_fell_sessel-300x300.jpeg 300w, https:\/\/erzgraeber.de\/wp-content\/uploads\/2021\/08\/ross_fell_sessel-2000x2000.jpeg 2000w, https:\/\/erzgraeber.de\/wp-content\/uploads\/2021\/08\/ross_fell_sessel-768x768.jpeg 768w, https:\/\/erzgraeber.de\/wp-content\/uploads\/2021\/08\/ross_fell_sessel-1536x1536.jpeg 1536w, https:\/\/erzgraeber.de\/wp-content\/uploads\/2021\/08\/ross_fell_sessel-2048x2048.jpeg 2048w, https:\/\/erzgraeber.de\/wp-content\/uploads\/2021\/08\/ross_fell_sessel-144x144.jpeg 144w\" sizes=\"(max-width: 1873px) 100vw, 1873px\" \/><\/a><\/figure>\n\n\n\n<p class=\"has-text-align-center\">hellrosa<\/p>\n<\/div>\n\n\n\n<div class=\"wp-block-column is-layout-flow wp-block-column-is-layout-flow\">\n<figure class=\"wp-block-image size-large\"><a href=\"https:\/\/erzgraeber.de\/wp-content\/uploads\/2021\/09\/australisch_blau_final-scaled.jpg\"><img loading=\"lazy\" decoding=\"async\" width=\"1873\" height=\"1873\" src=\"https:\/\/erzgraeber.de\/wp-content\/uploads\/2021\/09\/australisch_blau_final-1873x1873.jpg\" alt=\"\" class=\"wp-image-1354\" srcset=\"https:\/\/erzgraeber.de\/wp-content\/uploads\/2021\/09\/australisch_blau_final-1873x1873.jpg 1873w, https:\/\/erzgraeber.de\/wp-content\/uploads\/2021\/09\/australisch_blau_final-300x300.jpg 300w, https:\/\/erzgraeber.de\/wp-content\/uploads\/2021\/09\/australisch_blau_final-2000x2000.jpg 2000w, https:\/\/erzgraeber.de\/wp-content\/uploads\/2021\/09\/australisch_blau_final-768x768.jpg 768w, https:\/\/erzgraeber.de\/wp-content\/uploads\/2021\/09\/australisch_blau_final-1536x1536.jpg 1536w, https:\/\/erzgraeber.de\/wp-content\/uploads\/2021\/09\/australisch_blau_final-2048x2048.jpg 2048w, https:\/\/erzgraeber.de\/wp-content\/uploads\/2021\/09\/australisch_blau_final-144x144.jpg 144w\" sizes=\"(max-width: 1873px) 100vw, 1873px\" \/><\/a><\/figure>\n\n\n\n<p class=\"has-text-align-center\">blau<\/p>\n<\/div>\n\n\n\n<div class=\"wp-block-column is-layout-flow wp-block-column-is-layout-flow\">\n<figure class=\"wp-block-image size-full\"><a href=\"https:\/\/erzgraeber.de\/wp-content\/uploads\/2021\/08\/australisch_sessel_gruen-1.jpeg\"><img loading=\"lazy\" decoding=\"async\" width=\"1765\" height=\"1767\" src=\"https:\/\/erzgraeber.de\/wp-content\/uploads\/2021\/08\/australisch_sessel_gruen-1.jpeg\" alt=\"\" class=\"wp-image-1325\" srcset=\"https:\/\/erzgraeber.de\/wp-content\/uploads\/2021\/08\/australisch_sessel_gruen-1.jpeg 1765w, https:\/\/erzgraeber.de\/wp-content\/uploads\/2021\/08\/australisch_sessel_gruen-1-300x300.jpeg 300w, https:\/\/erzgraeber.de\/wp-content\/uploads\/2021\/08\/australisch_sessel_gruen-1-768x769.jpeg 768w, https:\/\/erzgraeber.de\/wp-content\/uploads\/2021\/08\/australisch_sessel_gruen-1-1534x1536.jpeg 1534w, https:\/\/erzgraeber.de\/wp-content\/uploads\/2021\/08\/australisch_sessel_gruen-1-144x144.jpeg 144w\" sizes=\"(max-width: 1765px) 100vw, 1765px\" \/><\/a><\/figure>\n\n\n\n<p class=\"has-text-align-center\">hellgr\u00fcn<\/p>\n<\/div>\n<\/div>\n\n\n\n<div class=\"wp-block-columns is-layout-flex wp-container-core-columns-is-layout-4 wp-block-columns-is-layout-flex\">\n<div class=\"wp-block-column is-layout-flow wp-block-column-is-layout-flow\"><\/div>\n\n\n\n<div class=\"wp-block-column is-layout-flow wp-block-column-is-layout-flow\">\n<figure class=\"wp-block-image size-large\"><a href=\"https:\/\/erzgraeber.de\/wp-content\/uploads\/2021\/09\/australisch_orange-scaled.jpg\"><img loading=\"lazy\" decoding=\"async\" width=\"1873\" height=\"1873\" src=\"https:\/\/erzgraeber.de\/wp-content\/uploads\/2021\/09\/australisch_orange-1873x1873.jpg\" alt=\"\" class=\"wp-image-1366\" srcset=\"https:\/\/erzgraeber.de\/wp-content\/uploads\/2021\/09\/australisch_orange-1873x1873.jpg 1873w, https:\/\/erzgraeber.de\/wp-content\/uploads\/2021\/09\/australisch_orange-300x300.jpg 300w, https:\/\/erzgraeber.de\/wp-content\/uploads\/2021\/09\/australisch_orange-2000x2000.jpg 2000w, https:\/\/erzgraeber.de\/wp-content\/uploads\/2021\/09\/australisch_orange-768x768.jpg 768w, https:\/\/erzgraeber.de\/wp-content\/uploads\/2021\/09\/australisch_orange-1536x1536.jpg 1536w, https:\/\/erzgraeber.de\/wp-content\/uploads\/2021\/09\/australisch_orange-2048x2048.jpg 2048w, https:\/\/erzgraeber.de\/wp-content\/uploads\/2021\/09\/australisch_orange-144x144.jpg 144w\" sizes=\"(max-width: 1873px) 100vw, 1873px\" \/><\/a><\/figure>\n\n\n\n<p class=\"has-text-align-center\">orange<\/p>\n<\/div>\n\n\n\n<div class=\"wp-block-column is-layout-flow wp-block-column-is-layout-flow\"><\/div>\n<\/div>\n","protected":false},"excerpt":{"rendered":"<p>Bei uns k\u00f6nnen Sie aus vielen australischen Lammfellen in nat\u00fcrlichen gedeckten Farben als auch in knalligen Trendfarben entscheiden. Mehr Farben sind auf der Webseite von Heitmann Felle zu entdecken, die auf Wunsch von uns bestellt werden k\u00f6nnen. Die Felle sind ca. 1m x 68 cm gro\u00df, vollwollig und weich. Hier sehen Sie eine kleine Auswahl [&hellip;]<\/p>\n","protected":false},"author":1,"featured_media":0,"parent":0,"menu_order":0,"comment_status":"closed","ping_status":"closed","template":"","meta":{"footnotes":""},"class_list":["post-1439","page","type-page","status-publish","hentry"],"jetpack_sharing_enabled":true,"_links":{"self":[{"href":"https:\/\/erzgraeber.de\/index.php?rest_route=\/wp\/v2\/pages\/1439"}],"collection":[{"href":"https:\/\/erzgraeber.de\/index.php?rest_route=\/wp\/v2\/pages"}],"about":[{"href":"https:\/\/erzgraeber.de\/index.php?rest_route=\/wp\/v2\/types\/page"}],"author":[{"embeddable":true,"href":"https:\/\/erzgraeber.de\/index.php?rest_route=\/wp\/v2\/users\/1"}],"replies":[{"embeddable":true,"href":"https:\/\/erzgraeber.de\/index.php?rest_route=%2Fwp%2Fv2%2Fcomments&post=1439"}],"version-history":[{"count":8,"href":"https:\/\/erzgraeber.de\/index.php?rest_route=\/wp\/v2\/pages\/1439\/revisions"}],"predecessor-version":[{"id":1674,"href":"https:\/\/erzgraeber.de\/index.php?rest_route=\/wp\/v2\/pages\/1439\/revisions\/1674"}],"wp:attachment":[{"href":"https:\/\/erzgraeber.de\/index.php?rest_route=%2Fwp%2Fv2%2Fmedia&parent=1439"}],"curies":[{"name":"wp","href":"https:\/\/api.w.org\/{rel}","templated":true}]}}