{"id":144,"date":"2020-04-09T12:10:11","date_gmt":"2020-04-09T12:10:11","guid":{"rendered":"http:\/\/erzgraeber.de\/?page_id=144"},"modified":"2020-05-07T13:42:26","modified_gmt":"2020-05-07T13:42:26","slug":"verpackungen","status":"publish","type":"page","link":"https:\/\/erzgraeber.de\/?page_id=144","title":{"rendered":"Verpackungen"},"content":{"rendered":"\n<p>Egal was es einzupacken gibt, wir haben die passenden Beh\u00e4lter f\u00fcr Sie. <\/p>\n\n\n\n<p>Wir f\u00fchren folgende Verpackungsm\u00f6glichkeiten:<\/p>\n\n\n\n<ul class=\"wp-block-list\"><li>Eurok\u00e4sten<\/li><li>K\u00f6rbe<\/li><li>P\u00f6kelbottiche<\/li><li>Rundbeh\u00e4lter<\/li><li>Transportstapelbeh\u00e4lter<\/li><li>Fiwobl\u00e4tter<\/li><li>Eisbeutel<\/li><li>Tragetaschen<\/li><li>Isolier- und W\u00e4rmebeh\u00e4lter<\/li><li>diverse Netze und Wurstgarne<\/li><\/ul>\n","protected":false},"excerpt":{"rendered":"<p>Egal was es einzupacken gibt, wir haben die passenden Beh\u00e4lter f\u00fcr Sie. Wir f\u00fchren folgende Verpackungsm\u00f6glichkeiten: Eurok\u00e4sten K\u00f6rbe P\u00f6kelbottiche Rundbeh\u00e4lter Transportstapelbeh\u00e4lter Fiwobl\u00e4tter Eisbeutel Tragetaschen Isolier- und W\u00e4rmebeh\u00e4lter diverse Netze und Wurstgarne<\/p>\n","protected":false},"author":1,"featured_media":0,"parent":0,"menu_order":0,"comment_status":"closed","ping_status":"closed","template":"","meta":{"footnotes":""},"class_list":["post-144","page","type-page","status-publish","hentry"],"jetpack_sharing_enabled":true,"_links":{"self":[{"href":"https:\/\/erzgraeber.de\/index.php?rest_route=\/wp\/v2\/pages\/144"}],"collection":[{"href":"https:\/\/erzgraeber.de\/index.php?rest_route=\/wp\/v2\/pages"}],"about":[{"href":"https:\/\/erzgraeber.de\/index.php?rest_route=\/wp\/v2\/types\/page"}],"author":[{"embeddable":true,"href":"https:\/\/erzgraeber.de\/index.php?rest_route=\/wp\/v2\/users\/1"}],"replies":[{"embeddable":true,"href":"https:\/\/erzgraeber.de\/index.php?rest_route=%2Fwp%2Fv2%2Fcomments&post=144"}],"version-history":[{"count":4,"href":"https:\/\/erzgraeber.de\/index.php?rest_route=\/wp\/v2\/pages\/144\/revisions"}],"predecessor-version":[{"id":939,"href":"https:\/\/erzgraeber.de\/index.php?rest_route=\/wp\/v2\/pages\/144\/revisions\/939"}],"wp:attachment":[{"href":"https:\/\/erzgraeber.de\/index.php?rest_route=%2Fwp%2Fv2%2Fmedia&parent=144"}],"curies":[{"name":"wp","href":"https:\/\/api.w.org\/{rel}","templated":true}]}}