{"id":145,"date":"2020-04-09T12:10:12","date_gmt":"2020-04-09T12:10:12","guid":{"rendered":"http:\/\/erzgraeber.de\/?page_id=145"},"modified":"2020-06-08T13:54:57","modified_gmt":"2020-06-08T13:54:57","slug":"werkzeuge","status":"publish","type":"page","link":"https:\/\/erzgraeber.de\/?page_id=145","title":{"rendered":"Werkzeuge"},"content":{"rendered":"\n<p>Ob Messer, St\u00e4hle oder Bretter &#8211; hier finden Sie alles, was im Alltag ben\u00f6tigt wird.<\/p>\n\n\n\n<div class=\"wp-block-columns is-layout-flex wp-container-core-columns-is-layout-1 wp-block-columns-is-layout-flex\">\n<div class=\"wp-block-column is-layout-flow wp-block-column-is-layout-flow\"><\/div>\n\n\n\n<div class=\"wp-block-column is-layout-flow wp-block-column-is-layout-flow\">\n<h2 class=\"wp-block-heading\">Bretter<\/h2>\n\n\n\n<p>Verschiedene Gr\u00f6\u00dfen vorhanden<\/p>\n<\/div>\n\n\n\n<div class=\"wp-block-column is-layout-flow wp-block-column-is-layout-flow\">\n<h2 class=\"wp-block-heading\">Divers<\/h2>\n\n\n\n<ul class=\"wp-block-list\"><li>Bleche <\/li><li>Blutwurstbremse<\/li><li>Bodenrost<\/li><li>Brennpaste<\/li><li>Einziehrohre<\/li><li>Fleischzeichenstifte<\/li><li>F\u00fcllh\u00f6rnchen<\/li><li>Gew\u00fcrzschaufeln<\/li><li>Glocken<\/li><li>Hydraulik\u00f6l<\/li><li>Hygrometer<\/li><li>W\u00e4rmebr\u00fccke Infrarot<\/li><li>Insektent\u00f6ter<\/li><li>Kesselrost<\/li><li>Kesselschwimmer<\/li><li>Klotzb\u00fcrste<\/li><li>Kocht\u00f6pfe<\/li><li>Leberk\u00e4seform<\/li><li>M\u00fcllsackst\u00e4nder<\/li><li>Patronen von Kerner<\/li><li>Rohrbahnfett<\/li><li>Rouladenspeile<\/li><li>R\u00fchrspaten<\/li><li>Schinkenform<\/li><li>Thekenaufsatz<\/li><li>Viehtreiber<\/li><li>Viehzeichenstift<\/li><li>Wurstgarn Dose Alu<\/li><\/ul>\n<\/div>\n<\/div>\n\n\n\n<p><\/p>\n","protected":false},"excerpt":{"rendered":"<p>Ob Messer, St\u00e4hle oder Bretter &#8211; hier finden Sie alles, was im Alltag ben\u00f6tigt wird. Bretter Verschiedene Gr\u00f6\u00dfen vorhanden Divers Bleche Blutwurstbremse Bodenrost Brennpaste Einziehrohre Fleischzeichenstifte F\u00fcllh\u00f6rnchen Gew\u00fcrzschaufeln Glocken Hydraulik\u00f6l Hygrometer W\u00e4rmebr\u00fccke Infrarot Insektent\u00f6ter Kesselrost Kesselschwimmer Klotzb\u00fcrste Kocht\u00f6pfe Leberk\u00e4seform M\u00fcllsackst\u00e4nder Patronen von Kerner Rohrbahnfett Rouladenspeile R\u00fchrspaten Schinkenform Thekenaufsatz Viehtreiber Viehzeichenstift Wurstgarn Dose Alu<\/p>\n","protected":false},"author":1,"featured_media":0,"parent":0,"menu_order":0,"comment_status":"closed","ping_status":"closed","template":"","meta":{"footnotes":""},"class_list":["post-145","page","type-page","status-publish","hentry"],"jetpack_sharing_enabled":true,"_links":{"self":[{"href":"https:\/\/erzgraeber.de\/index.php?rest_route=\/wp\/v2\/pages\/145"}],"collection":[{"href":"https:\/\/erzgraeber.de\/index.php?rest_route=\/wp\/v2\/pages"}],"about":[{"href":"https:\/\/erzgraeber.de\/index.php?rest_route=\/wp\/v2\/types\/page"}],"author":[{"embeddable":true,"href":"https:\/\/erzgraeber.de\/index.php?rest_route=\/wp\/v2\/users\/1"}],"replies":[{"embeddable":true,"href":"https:\/\/erzgraeber.de\/index.php?rest_route=%2Fwp%2Fv2%2Fcomments&post=145"}],"version-history":[{"count":9,"href":"https:\/\/erzgraeber.de\/index.php?rest_route=\/wp\/v2\/pages\/145\/revisions"}],"predecessor-version":[{"id":1020,"href":"https:\/\/erzgraeber.de\/index.php?rest_route=\/wp\/v2\/pages\/145\/revisions\/1020"}],"wp:attachment":[{"href":"https:\/\/erzgraeber.de\/index.php?rest_route=%2Fwp%2Fv2%2Fmedia&parent=145"}],"curies":[{"name":"wp","href":"https:\/\/api.w.org\/{rel}","templated":true}]}}