{"id":146,"date":"2020-04-09T12:10:12","date_gmt":"2020-04-09T12:10:12","guid":{"rendered":"http:\/\/erzgraeber.de\/?page_id=146"},"modified":"2020-04-20T14:32:29","modified_gmt":"2020-04-20T14:32:29","slug":"bekleidung","status":"publish","type":"page","link":"https:\/\/erzgraeber.de\/?page_id=146","title":{"rendered":"Bekleidung"},"content":{"rendered":"\n<p>Um Sie am besten vor Unreinheiten zu sch\u00fctzen, bieten wir Ihnen folgende Auswahl an Betriebskleidungsst\u00fccken an:<\/p>\n\n\n\n<ul class=\"wp-block-list\"><li>Arbeitsjacken (Herren sowie Damen)<\/li><li>Arbeitskittel (Herren sowie Damen)<\/li><li>Arbeitsm\u00e4ntel<\/li><li>Bundhosen<\/li><li>Latzhosen und Overalls<\/li><li>Jacken aus Satin<\/li><li>Thermobekleidung<\/li><li>\u00dcberschuhe<\/li><li>Arbeitsschuhe \/ Clogs<\/li><li>Gummistiefel<\/li><li>Rosshaarsocken<\/li><li>Sch\u00fcrzen<\/li><li>Handschuhe \/ Handschuhspanner<\/li><li>Geh\u00f6rschutz<\/li><li>Helme<\/li><li>M\u00fctzen<\/li><li>Schiffchen<\/li><li>Schutzbrillen<\/li><li>Schnellverb\u00e4nde<\/li><\/ul>\n","protected":false},"excerpt":{"rendered":"<p>Um Sie am besten vor Unreinheiten zu sch\u00fctzen, bieten wir Ihnen folgende Auswahl an Betriebskleidungsst\u00fccken an: Arbeitsjacken (Herren sowie Damen) Arbeitskittel (Herren sowie Damen) Arbeitsm\u00e4ntel Bundhosen Latzhosen und Overalls Jacken aus Satin Thermobekleidung \u00dcberschuhe Arbeitsschuhe \/ Clogs Gummistiefel Rosshaarsocken Sch\u00fcrzen Handschuhe \/ Handschuhspanner Geh\u00f6rschutz Helme M\u00fctzen Schiffchen Schutzbrillen Schnellverb\u00e4nde<\/p>\n","protected":false},"author":1,"featured_media":0,"parent":0,"menu_order":0,"comment_status":"closed","ping_status":"closed","template":"","meta":{"footnotes":""},"class_list":["post-146","page","type-page","status-publish","hentry"],"jetpack_sharing_enabled":true,"_links":{"self":[{"href":"https:\/\/erzgraeber.de\/index.php?rest_route=\/wp\/v2\/pages\/146"}],"collection":[{"href":"https:\/\/erzgraeber.de\/index.php?rest_route=\/wp\/v2\/pages"}],"about":[{"href":"https:\/\/erzgraeber.de\/index.php?rest_route=\/wp\/v2\/types\/page"}],"author":[{"embeddable":true,"href":"https:\/\/erzgraeber.de\/index.php?rest_route=\/wp\/v2\/users\/1"}],"replies":[{"embeddable":true,"href":"https:\/\/erzgraeber.de\/index.php?rest_route=%2Fwp%2Fv2%2Fcomments&post=146"}],"version-history":[{"count":3,"href":"https:\/\/erzgraeber.de\/index.php?rest_route=\/wp\/v2\/pages\/146\/revisions"}],"predecessor-version":[{"id":832,"href":"https:\/\/erzgraeber.de\/index.php?rest_route=\/wp\/v2\/pages\/146\/revisions\/832"}],"wp:attachment":[{"href":"https:\/\/erzgraeber.de\/index.php?rest_route=%2Fwp%2Fv2%2Fmedia&parent=146"}],"curies":[{"name":"wp","href":"https:\/\/api.w.org\/{rel}","templated":true}]}}