{"id":148,"date":"2020-04-09T12:10:12","date_gmt":"2020-04-09T12:10:12","guid":{"rendered":"http:\/\/erzgraeber.de\/?page_id=148"},"modified":"2020-06-17T15:29:37","modified_gmt":"2020-06-17T15:29:37","slug":"maschinen","status":"publish","type":"page","link":"https:\/\/erzgraeber.de\/?page_id=148","title":{"rendered":"Maschinen + Ger\u00e4te"},"content":{"rendered":"\n<p>Mit unseren Maschinen und Ger\u00e4ten bieten wir Ihnen alles, was Sie ben\u00f6tigen.<\/p>\n\n\n\n<figure class=\"wp-block-table is-style-stripes\"><table><tbody><tr><td>Aufschnittmaschinen<\/td><td><\/td><\/tr><tr><td>Aufschnittmesser<\/td><td><\/td><\/tr><tr><td>Backofen<\/td><td><\/td><\/tr><tr><td>Bet\u00e4ubungszange<\/td><td><\/td><\/tr><tr><td>Einziehboy<\/td><td><\/td><\/tr><tr><td>Currywurstschneider<\/td><td><\/td><\/tr><tr><td>Fleischw\u00f6lfe<br><\/td><td>Auja Klingen<br>Gr. 30\/32<br>B\/C\/D\/E\/H<br>1 Pack = 12 Stk.<br><br>Auja Messer<br>B \/ C \/ D \/ E \/ H \/ Nr. 32 \/ R70<br>4- und 3-fl\u00fcglig<br><br>Auja Scheiben<br>B \/ C \/ D \/ E \/ H \/ Nr. 32 \/ R70<br>mit versch. Lochdurchmessern<br><br>Auja Vorschneider<br>B \/ C \/ D \/ E \/ H \/ R70<br><br>Einlegering<br>B \/ D \/ H \/ R70<br><br>Jopp Schraubklingen<br>C \/ D \/ E \/ H<br><br>Lico Swiss<br>Klingen B \/ D \/ H \/ R70<br>Messer B \/ D \/ H \/ R70<\/td><\/tr><tr><td>Darmhalteger\u00e4te<\/td><td><\/td><\/tr><tr><td>F\u00fcllmaschinen<\/td><td><\/td><\/tr><tr><td>R\u00e4ucherschrank<\/td><td><\/td><\/tr><tr><td>Steaker<\/td><td><\/td><\/tr><tr><td>P\u00f6kelboy<\/td><td><\/td><\/tr><tr><td>Borstenbrenner<\/td><td>Regler f\u00fcr Borstenbrenner<\/td><\/tr><tr><td>Flammrohre f\u00fcr Br\u00e4ter<\/td><td><\/td><\/tr><tr><td>Gasbr\u00e4ter<\/td><td>Fettauffwangwanne<br>Pfanne f\u00fcr Gasbr\u00e4ter<\/td><\/tr><tr><td>Gasbrenner<\/td><td>Regler<br>Brennerrohre<br>Flammabdeckung<\/td><\/tr><tr><td>Gashahn<\/td><td><\/td><\/tr><tr><td>Hockerkocher<\/td><td><\/td><\/tr><tr><td>Wurstbr\u00e4ter<\/td><td>Z\u00fcndf\u00fchler und -sicherung<\/td><\/tr><tr><td>Wurstw\u00e4rmer<\/td><td>Heizschlange f\u00fcr J\u00fcnger Wurstw\u00e4rmer<\/td><\/tr><tr><td>Wurstf\u00fcller<\/td><td><\/td><\/tr><tr><td>Fritteuse<\/td><td><\/td><\/tr><tr><td>Gew\u00fcrzwaagen<\/td><td><\/td><\/tr><tr><td>Hackfleischpressen<\/td><td><\/td><\/tr><tr><td>Handf\u00fclltrichter<\/td><td><\/td><\/tr><tr><td>Handp\u00f6kelspritze<\/td><td><\/td><\/tr><tr><td>Hackbl\u00f6cke<\/td><td><\/td><\/tr><tr><td>Lakepr\u00fcfer<\/td><td><\/td><\/tr><tr><td>Lakespritze<\/td><td><\/td><\/tr><tr><td>Thermometer<\/td><td>-40 bis +25 \u00b0 C<br>-50 bis +150 \u00b0 C<br>Kernthermometer<br>Digital<br>Ebro Datenlogger<br>Stichthermometer Digital \/ TDC \/ TFI \/ Infrarot \/ TFX \/ TLC \/ TLI \/ TTX<br>f\u00fcr Kessel<br>f\u00fcr Braten<br>Plastik<br>ohne H\u00fclle, und\/oder mit Drahtgeh\u00e4use<br>geeicht f\u00fcr K\u00fchlraum\/K\u00fchltheke\/K\u00fchlhaus\/Kutter<\/td><\/tr><tr><td>Schaumger\u00e4t<\/td><td><\/td><\/tr><tr><td>Schussapparat<\/td><td><\/td><\/tr><tr><td>Vakuummaschinen<\/td><td><\/td><\/tr><\/tbody><\/table><\/figure>\n","protected":false},"excerpt":{"rendered":"<p>Mit unseren Maschinen und Ger\u00e4ten bieten wir Ihnen alles, was Sie ben\u00f6tigen. Aufschnittmaschinen Aufschnittmesser Backofen Bet\u00e4ubungszange Einziehboy Currywurstschneider Fleischw\u00f6lfe Auja KlingenGr. 30\/32B\/C\/D\/E\/H1 Pack = 12 Stk. Auja MesserB \/ C \/ D \/ E \/ H \/ Nr. 32 \/ R704- und 3-fl\u00fcglig Auja ScheibenB \/ C \/ D \/ E \/ H \/ Nr. [&hellip;]<\/p>\n","protected":false},"author":1,"featured_media":0,"parent":0,"menu_order":0,"comment_status":"closed","ping_status":"closed","template":"","meta":{"footnotes":""},"class_list":["post-148","page","type-page","status-publish","hentry"],"jetpack_sharing_enabled":true,"_links":{"self":[{"href":"https:\/\/erzgraeber.de\/index.php?rest_route=\/wp\/v2\/pages\/148"}],"collection":[{"href":"https:\/\/erzgraeber.de\/index.php?rest_route=\/wp\/v2\/pages"}],"about":[{"href":"https:\/\/erzgraeber.de\/index.php?rest_route=\/wp\/v2\/types\/page"}],"author":[{"embeddable":true,"href":"https:\/\/erzgraeber.de\/index.php?rest_route=\/wp\/v2\/users\/1"}],"replies":[{"embeddable":true,"href":"https:\/\/erzgraeber.de\/index.php?rest_route=%2Fwp%2Fv2%2Fcomments&post=148"}],"version-history":[{"count":17,"href":"https:\/\/erzgraeber.de\/index.php?rest_route=\/wp\/v2\/pages\/148\/revisions"}],"predecessor-version":[{"id":1076,"href":"https:\/\/erzgraeber.de\/index.php?rest_route=\/wp\/v2\/pages\/148\/revisions\/1076"}],"wp:attachment":[{"href":"https:\/\/erzgraeber.de\/index.php?rest_route=%2Fwp%2Fv2%2Fmedia&parent=148"}],"curies":[{"name":"wp","href":"https:\/\/api.w.org\/{rel}","templated":true}]}}