{"id":198,"date":"2020-04-09T13:16:45","date_gmt":"2020-04-09T13:16:45","guid":{"rendered":"https:\/\/erzgraeber.de\/?page_id=198"},"modified":"2022-02-25T14:27:13","modified_gmt":"2022-02-25T14:27:13","slug":"gewuerze","status":"publish","type":"page","link":"https:\/\/erzgraeber.de\/?page_id=198","title":{"rendered":"Gew\u00fcrze"},"content":{"rendered":"\n<p>Jedes Lebensmittel schmeckt mit den richtigen Gew\u00fcrzen umso besser. Daher haben wir eine gro\u00dfe Auswahl an Gew\u00fcrzen in unserem Sortiment &#8211; von klassischen Gew\u00fcrzen f\u00fcr die Haushaltsk\u00fcche bis zu Gew\u00fcrzmischungen f\u00fcr die gewerbliche Nutzung ist alles dabei.<br>Werfen Sie einen Blick in die verschiedenen Kategorien!<\/p>\n\n\n\n<div class=\"wp-block-cover is-light\" style=\"min-height:156px;aspect-ratio:unset;\"><span aria-hidden=\"true\" class=\"has-white-background-color has-background-dim-70 wp-block-cover__gradient-background has-background-dim\"><\/span><img loading=\"lazy\" decoding=\"async\" width=\"2560\" height=\"696\" class=\"wp-block-cover__image-background wp-image-1854\" alt=\"\" src=\"https:\/\/erzgraeber.de\/wp-content\/uploads\/2021\/12\/Gewuerze-2-scaled.jpeg\" style=\"object-position:47% 48%\" data-object-fit=\"cover\" data-object-position=\"47% 48%\" srcset=\"https:\/\/erzgraeber.de\/wp-content\/uploads\/2021\/12\/Gewuerze-2-scaled.jpeg 2560w, https:\/\/erzgraeber.de\/wp-content\/uploads\/2021\/12\/Gewuerze-2-300x82.jpeg 300w, https:\/\/erzgraeber.de\/wp-content\/uploads\/2021\/12\/Gewuerze-2-2000x544.jpeg 2000w, https:\/\/erzgraeber.de\/wp-content\/uploads\/2021\/12\/Gewuerze-2-768x209.jpeg 768w, https:\/\/erzgraeber.de\/wp-content\/uploads\/2021\/12\/Gewuerze-2-1536x418.jpeg 1536w, https:\/\/erzgraeber.de\/wp-content\/uploads\/2021\/12\/Gewuerze-2-2048x557.jpeg 2048w\" sizes=\"(max-width: 2560px) 100vw, 2560px\" \/><div class=\"wp-block-cover__inner-container is-layout-flow wp-block-cover-is-layout-flow\">\n<p class=\"has-text-align-center has-black-color has-text-color\" style=\"font-size:28px\"><a href=\"https:\/\/erzgraeber.de\/?page_id=339\">Gew\u00fcrze + Kr\u00e4uter<\/a><\/p>\n<\/div><\/div>\n\n\n\n<div style=\"height:40px\" aria-hidden=\"true\" class=\"wp-block-spacer\"><\/div>\n\n\n\n<div class=\"wp-block-cover is-light\" style=\"min-height:156px;aspect-ratio:unset;\"><span aria-hidden=\"true\" class=\"has-white-background-color wp-block-cover__gradient-background has-background-dim\"><\/span><img loading=\"lazy\" decoding=\"async\" width=\"441\" height=\"672\" class=\"wp-block-cover__image-background wp-image-758\" alt=\"\" src=\"https:\/\/erzgraeber.de\/wp-content\/uploads\/2020\/04\/bratwurst-cover.png\" style=\"object-position:50% 15%\" data-object-fit=\"cover\" data-object-position=\"50% 15%\" srcset=\"https:\/\/erzgraeber.de\/wp-content\/uploads\/2020\/04\/bratwurst-cover.png 441w, https:\/\/erzgraeber.de\/wp-content\/uploads\/2020\/04\/bratwurst-cover-197x300.png 197w\" sizes=\"(max-width: 441px) 100vw, 441px\" \/><div class=\"wp-block-cover__inner-container is-layout-flow wp-block-cover-is-layout-flow\">\n<p class=\"has-text-align-center has-black-color has-text-color\" style=\"font-size:28px\"><a href=\"https:\/\/erzgraeber.de\/?page_id=340\">Fertig- und Mischgew\u00fcrze<\/a><\/p>\n<\/div><\/div>\n\n\n\n<div style=\"height:40px\" aria-hidden=\"true\" class=\"wp-block-spacer\"><\/div>\n\n\n\n<div class=\"wp-block-cover is-light\" style=\"min-height:156px;aspect-ratio:unset;\"><span aria-hidden=\"true\" class=\"has-white-background-color wp-block-cover__gradient-background has-background-dim\"><\/span><img loading=\"lazy\" decoding=\"async\" width=\"584\" height=\"672\" class=\"wp-block-cover__image-background wp-image-760\" alt=\"\" src=\"https:\/\/erzgraeber.de\/wp-content\/uploads\/2020\/04\/salz-cover.png\" style=\"object-position:44% 26%\" data-object-fit=\"cover\" data-object-position=\"44% 26%\" srcset=\"https:\/\/erzgraeber.de\/wp-content\/uploads\/2020\/04\/salz-cover.png 584w, https:\/\/erzgraeber.de\/wp-content\/uploads\/2020\/04\/salz-cover-261x300.png 261w\" sizes=\"(max-width: 584px) 100vw, 584px\" \/><div class=\"wp-block-cover__inner-container is-layout-flow wp-block-cover-is-layout-flow\">\n<p class=\"has-text-align-center has-black-color has-text-color\" style=\"font-size:28px\"><a href=\"https:\/\/erzgraeber.de\/?page_id=341\">Salze<\/a><\/p>\n<\/div><\/div>\n\n\n\n<div style=\"height:40px\" aria-hidden=\"true\" class=\"wp-block-spacer\"><\/div>\n\n\n\n<div class=\"wp-block-cover is-light\" style=\"min-height:156px;aspect-ratio:unset;\"><span aria-hidden=\"true\" class=\"has-white-background-color wp-block-cover__gradient-background has-background-dim\"><\/span><img loading=\"lazy\" decoding=\"async\" width=\"462\" height=\"670\" class=\"wp-block-cover__image-background wp-image-762\" alt=\"\" src=\"https:\/\/erzgraeber.de\/wp-content\/uploads\/2020\/04\/glutamat-cover.png\" style=\"object-position:45% 48%\" data-object-fit=\"cover\" data-object-position=\"45% 48%\" srcset=\"https:\/\/erzgraeber.de\/wp-content\/uploads\/2020\/04\/glutamat-cover.png 462w, https:\/\/erzgraeber.de\/wp-content\/uploads\/2020\/04\/glutamat-cover-207x300.png 207w\" sizes=\"(max-width: 462px) 100vw, 462px\" \/><div class=\"wp-block-cover__inner-container is-layout-flow wp-block-cover-is-layout-flow\">\n<p class=\"has-text-align-center has-black-color has-text-color\" style=\"font-size:28px\"><a href=\"https:\/\/erzgraeber.de\/?page_id=342\">Hilfsstoffe<\/a><\/p>\n<\/div><\/div>\n\n\n\n<div style=\"height:40px\" aria-hidden=\"true\" class=\"wp-block-spacer\"><\/div>\n","protected":false},"excerpt":{"rendered":"<p>Jedes Lebensmittel schmeckt mit den richtigen Gew\u00fcrzen umso besser. Daher haben wir eine gro\u00dfe Auswahl an Gew\u00fcrzen in unserem Sortiment &#8211; von klassischen Gew\u00fcrzen f\u00fcr die Haushaltsk\u00fcche bis zu Gew\u00fcrzmischungen f\u00fcr die gewerbliche Nutzung ist alles dabei.Werfen Sie einen Blick in die verschiedenen Kategorien!<\/p>\n","protected":false},"author":1,"featured_media":0,"parent":0,"menu_order":0,"comment_status":"closed","ping_status":"closed","template":"","meta":{"footnotes":""},"class_list":["post-198","page","type-page","status-publish","hentry"],"jetpack_sharing_enabled":true,"_links":{"self":[{"href":"https:\/\/erzgraeber.de\/index.php?rest_route=\/wp\/v2\/pages\/198"}],"collection":[{"href":"https:\/\/erzgraeber.de\/index.php?rest_route=\/wp\/v2\/pages"}],"about":[{"href":"https:\/\/erzgraeber.de\/index.php?rest_route=\/wp\/v2\/types\/page"}],"author":[{"embeddable":true,"href":"https:\/\/erzgraeber.de\/index.php?rest_route=\/wp\/v2\/users\/1"}],"replies":[{"embeddable":true,"href":"https:\/\/erzgraeber.de\/index.php?rest_route=%2Fwp%2Fv2%2Fcomments&post=198"}],"version-history":[{"count":43,"href":"https:\/\/erzgraeber.de\/index.php?rest_route=\/wp\/v2\/pages\/198\/revisions"}],"predecessor-version":[{"id":2049,"href":"https:\/\/erzgraeber.de\/index.php?rest_route=\/wp\/v2\/pages\/198\/revisions\/2049"}],"wp:attachment":[{"href":"https:\/\/erzgraeber.de\/index.php?rest_route=%2Fwp%2Fv2%2Fmedia&parent=198"}],"curies":[{"name":"wp","href":"https:\/\/api.w.org\/{rel}","templated":true}]}}