{"id":340,"date":"2020-04-16T13:09:06","date_gmt":"2020-04-16T13:09:06","guid":{"rendered":"https:\/\/erzgraeber.de\/?page_id=340"},"modified":"2021-11-28T16:28:47","modified_gmt":"2021-11-28T16:28:47","slug":"fertig-und-mischgewuerze","status":"publish","type":"page","link":"https:\/\/erzgraeber.de\/?page_id=340","title":{"rendered":"Fertig- und Mischgew\u00fcrze"},"content":{"rendered":"\n<div class=\"wp-block-columns is-layout-flex wp-container-core-columns-is-layout-1 wp-block-columns-is-layout-flex\">\n<div class=\"wp-block-column is-layout-flow wp-block-column-is-layout-flow\">\n<figure class=\"wp-block-image size-large\"><img loading=\"lazy\" decoding=\"async\" width=\"2000\" height=\"2000\" src=\"https:\/\/erzgraeber.de\/wp-content\/uploads\/2021\/11\/IMG_2805-2000x2000.jpg\" alt=\"\" class=\"wp-image-1743\" srcset=\"https:\/\/erzgraeber.de\/wp-content\/uploads\/2021\/11\/IMG_2805-2000x2000.jpg 2000w, https:\/\/erzgraeber.de\/wp-content\/uploads\/2021\/11\/IMG_2805-300x300.jpg 300w, https:\/\/erzgraeber.de\/wp-content\/uploads\/2021\/11\/IMG_2805-768x768.jpg 768w, https:\/\/erzgraeber.de\/wp-content\/uploads\/2021\/11\/IMG_2805-1536x1536.jpg 1536w, https:\/\/erzgraeber.de\/wp-content\/uploads\/2021\/11\/IMG_2805-2048x2048.jpg 2048w, https:\/\/erzgraeber.de\/wp-content\/uploads\/2021\/11\/IMG_2805-144x144.jpg 144w\" sizes=\"(max-width: 2000px) 100vw, 2000px\" \/><\/figure>\n\n\n\n<p class=\"has-text-align-center\">Aufschnittgew\u00fcrz<\/p>\n<\/div>\n\n\n\n<div class=\"wp-block-column is-layout-flow wp-block-column-is-layout-flow\">\n<figure class=\"wp-block-image size-large\"><img loading=\"lazy\" decoding=\"async\" width=\"2000\" height=\"2000\" src=\"https:\/\/erzgraeber.de\/wp-content\/uploads\/2021\/11\/IMG_2791-2000x2000.jpg\" alt=\"\" class=\"wp-image-1745\" srcset=\"https:\/\/erzgraeber.de\/wp-content\/uploads\/2021\/11\/IMG_2791-2000x2000.jpg 2000w, https:\/\/erzgraeber.de\/wp-content\/uploads\/2021\/11\/IMG_2791-300x300.jpg 300w, https:\/\/erzgraeber.de\/wp-content\/uploads\/2021\/11\/IMG_2791-768x768.jpg 768w, https:\/\/erzgraeber.de\/wp-content\/uploads\/2021\/11\/IMG_2791-1536x1536.jpg 1536w, https:\/\/erzgraeber.de\/wp-content\/uploads\/2021\/11\/IMG_2791-2048x2048.jpg 2048w, https:\/\/erzgraeber.de\/wp-content\/uploads\/2021\/11\/IMG_2791-144x144.jpg 144w\" sizes=\"(max-width: 2000px) 100vw, 2000px\" \/><\/figure>\n\n\n\n<p class=\"has-text-align-center\">Bratwurst<\/p>\n<\/div>\n\n\n\n<div class=\"wp-block-column is-layout-flow wp-block-column-is-layout-flow\">\n<figure class=\"wp-block-image size-large\"><img loading=\"lazy\" decoding=\"async\" width=\"2000\" height=\"2000\" src=\"https:\/\/erzgraeber.de\/wp-content\/uploads\/2021\/11\/IMG_2793-2000x2000.jpg\" alt=\"\" class=\"wp-image-1746\" srcset=\"https:\/\/erzgraeber.de\/wp-content\/uploads\/2021\/11\/IMG_2793-2000x2000.jpg 2000w, https:\/\/erzgraeber.de\/wp-content\/uploads\/2021\/11\/IMG_2793-300x300.jpg 300w, https:\/\/erzgraeber.de\/wp-content\/uploads\/2021\/11\/IMG_2793-768x768.jpg 768w, https:\/\/erzgraeber.de\/wp-content\/uploads\/2021\/11\/IMG_2793-1536x1536.jpg 1536w, https:\/\/erzgraeber.de\/wp-content\/uploads\/2021\/11\/IMG_2793-2048x2048.jpg 2048w, https:\/\/erzgraeber.de\/wp-content\/uploads\/2021\/11\/IMG_2793-144x144.jpg 144w\" sizes=\"(max-width: 2000px) 100vw, 2000px\" \/><\/figure>\n\n\n\n<p class=\"has-text-align-center\">Fleischwurst extra Klasse<\/p>\n<\/div>\n<\/div>\n\n\n\n<div class=\"wp-block-columns is-layout-flex wp-container-core-columns-is-layout-2 wp-block-columns-is-layout-flex\">\n<div class=\"wp-block-column is-layout-flow wp-block-column-is-layout-flow\">\n<figure class=\"wp-block-image size-large\"><img loading=\"lazy\" decoding=\"async\" width=\"2000\" height=\"2000\" src=\"https:\/\/erzgraeber.de\/wp-content\/uploads\/2021\/11\/IMG_27871-2000x2000.jpg\" alt=\"\" class=\"wp-image-1747\" srcset=\"https:\/\/erzgraeber.de\/wp-content\/uploads\/2021\/11\/IMG_27871-2000x2000.jpg 2000w, https:\/\/erzgraeber.de\/wp-content\/uploads\/2021\/11\/IMG_27871-300x300.jpg 300w, https:\/\/erzgraeber.de\/wp-content\/uploads\/2021\/11\/IMG_27871-768x768.jpg 768w, https:\/\/erzgraeber.de\/wp-content\/uploads\/2021\/11\/IMG_27871-1536x1536.jpg 1536w, https:\/\/erzgraeber.de\/wp-content\/uploads\/2021\/11\/IMG_27871-2048x2048.jpg 2048w, https:\/\/erzgraeber.de\/wp-content\/uploads\/2021\/11\/IMG_27871-144x144.jpg 144w\" sizes=\"(max-width: 2000px) 100vw, 2000px\" \/><\/figure>\n\n\n\n<p class=\"has-text-align-center\">Landleberwurst Hausmacher Art<\/p>\n<\/div>\n\n\n\n<div class=\"wp-block-column is-layout-flow wp-block-column-is-layout-flow\">\n<figure class=\"wp-block-image size-large\"><img loading=\"lazy\" decoding=\"async\" width=\"2000\" height=\"2000\" src=\"https:\/\/erzgraeber.de\/wp-content\/uploads\/2021\/11\/IMG_2809-2000x2000.jpg\" alt=\"\" class=\"wp-image-1749\" srcset=\"https:\/\/erzgraeber.de\/wp-content\/uploads\/2021\/11\/IMG_2809-2000x2000.jpg 2000w, https:\/\/erzgraeber.de\/wp-content\/uploads\/2021\/11\/IMG_2809-300x300.jpg 300w, https:\/\/erzgraeber.de\/wp-content\/uploads\/2021\/11\/IMG_2809-768x768.jpg 768w, https:\/\/erzgraeber.de\/wp-content\/uploads\/2021\/11\/IMG_2809-1536x1536.jpg 1536w, https:\/\/erzgraeber.de\/wp-content\/uploads\/2021\/11\/IMG_2809-2048x2048.jpg 2048w, https:\/\/erzgraeber.de\/wp-content\/uploads\/2021\/11\/IMG_2809-144x144.jpg 144w\" sizes=\"(max-width: 2000px) 100vw, 2000px\" \/><\/figure>\n\n\n\n<p class=\"has-text-align-center\">Rindswurst<\/p>\n<\/div>\n\n\n\n<div class=\"wp-block-column is-layout-flow wp-block-column-is-layout-flow\">\n<figure class=\"wp-block-image size-large\"><img loading=\"lazy\" decoding=\"async\" width=\"2000\" height=\"2000\" src=\"https:\/\/erzgraeber.de\/wp-content\/uploads\/2021\/11\/IMG_2795-2000x2000.jpg\" alt=\"\" class=\"wp-image-1750\" srcset=\"https:\/\/erzgraeber.de\/wp-content\/uploads\/2021\/11\/IMG_2795-2000x2000.jpg 2000w, https:\/\/erzgraeber.de\/wp-content\/uploads\/2021\/11\/IMG_2795-300x300.jpg 300w, https:\/\/erzgraeber.de\/wp-content\/uploads\/2021\/11\/IMG_2795-768x768.jpg 768w, https:\/\/erzgraeber.de\/wp-content\/uploads\/2021\/11\/IMG_2795-1536x1536.jpg 1536w, https:\/\/erzgraeber.de\/wp-content\/uploads\/2021\/11\/IMG_2795-2048x2048.jpg 2048w, https:\/\/erzgraeber.de\/wp-content\/uploads\/2021\/11\/IMG_2795-144x144.jpg 144w\" sizes=\"(max-width: 2000px) 100vw, 2000px\" \/><\/figure>\n\n\n\n<p class=\"has-text-align-center\">Rostbratwurst Th\u00fcringer Art<\/p>\n<\/div>\n<\/div>\n\n\n\n<div class=\"wp-block-columns is-layout-flex wp-container-core-columns-is-layout-3 wp-block-columns-is-layout-flex\">\n<div class=\"wp-block-column is-layout-flow wp-block-column-is-layout-flow\">\n<figure class=\"wp-block-image size-large\"><img loading=\"lazy\" decoding=\"async\" width=\"2000\" height=\"2000\" src=\"https:\/\/erzgraeber.de\/wp-content\/uploads\/2021\/11\/IMG_2789-2000x2000.jpg\" alt=\"\" class=\"wp-image-1751\" srcset=\"https:\/\/erzgraeber.de\/wp-content\/uploads\/2021\/11\/IMG_2789-2000x2000.jpg 2000w, https:\/\/erzgraeber.de\/wp-content\/uploads\/2021\/11\/IMG_2789-300x300.jpg 300w, https:\/\/erzgraeber.de\/wp-content\/uploads\/2021\/11\/IMG_2789-768x768.jpg 768w, https:\/\/erzgraeber.de\/wp-content\/uploads\/2021\/11\/IMG_2789-1536x1536.jpg 1536w, https:\/\/erzgraeber.de\/wp-content\/uploads\/2021\/11\/IMG_2789-2048x2048.jpg 2048w, https:\/\/erzgraeber.de\/wp-content\/uploads\/2021\/11\/IMG_2789-144x144.jpg 144w\" sizes=\"(max-width: 2000px) 100vw, 2000px\" \/><\/figure>\n\n\n\n<p class=\"has-text-align-center\">Schwartenmagen Hausmacher Art<\/p>\n<\/div>\n\n\n\n<div class=\"wp-block-column is-layout-flow wp-block-column-is-layout-flow\">\n<figure class=\"wp-block-image size-large\"><img loading=\"lazy\" decoding=\"async\" width=\"2000\" height=\"2000\" src=\"https:\/\/erzgraeber.de\/wp-content\/uploads\/2021\/11\/IMG_2800-2000x2000.jpg\" alt=\"\" class=\"wp-image-1752\" srcset=\"https:\/\/erzgraeber.de\/wp-content\/uploads\/2021\/11\/IMG_2800-2000x2000.jpg 2000w, https:\/\/erzgraeber.de\/wp-content\/uploads\/2021\/11\/IMG_2800-300x300.jpg 300w, https:\/\/erzgraeber.de\/wp-content\/uploads\/2021\/11\/IMG_2800-768x768.jpg 768w, https:\/\/erzgraeber.de\/wp-content\/uploads\/2021\/11\/IMG_2800-1536x1536.jpg 1536w, https:\/\/erzgraeber.de\/wp-content\/uploads\/2021\/11\/IMG_2800-2048x2048.jpg 2048w, https:\/\/erzgraeber.de\/wp-content\/uploads\/2021\/11\/IMG_2800-144x144.jpg 144w\" sizes=\"(max-width: 2000px) 100vw, 2000px\" \/><\/figure>\n\n\n\n<p class=\"has-text-align-center\">Th\u00fcringer Blutwurst Hausmacher Art<\/p>\n<\/div>\n\n\n\n<div class=\"wp-block-column is-layout-flow wp-block-column-is-layout-flow\">\n<figure class=\"wp-block-image size-large\"><img loading=\"lazy\" decoding=\"async\" width=\"2000\" height=\"2000\" src=\"https:\/\/erzgraeber.de\/wp-content\/uploads\/2021\/11\/IMG_2798-2000x2000.jpg\" alt=\"\" class=\"wp-image-1753\" srcset=\"https:\/\/erzgraeber.de\/wp-content\/uploads\/2021\/11\/IMG_2798-2000x2000.jpg 2000w, https:\/\/erzgraeber.de\/wp-content\/uploads\/2021\/11\/IMG_2798-300x300.jpg 300w, https:\/\/erzgraeber.de\/wp-content\/uploads\/2021\/11\/IMG_2798-768x768.jpg 768w, https:\/\/erzgraeber.de\/wp-content\/uploads\/2021\/11\/IMG_2798-1536x1536.jpg 1536w, https:\/\/erzgraeber.de\/wp-content\/uploads\/2021\/11\/IMG_2798-2048x2048.jpg 2048w, https:\/\/erzgraeber.de\/wp-content\/uploads\/2021\/11\/IMG_2798-144x144.jpg 144w\" sizes=\"(max-width: 2000px) 100vw, 2000px\" \/><\/figure>\n\n\n\n<p class=\"has-text-align-center\">Zervelatwurst<\/p>\n<\/div>\n<\/div>\n\n\n\n<div class=\"wp-block-columns is-layout-flex wp-container-core-columns-is-layout-4 wp-block-columns-is-layout-flex\">\n<div class=\"wp-block-column is-layout-flow wp-block-column-is-layout-flow\">\n<figure class=\"wp-block-image size-large\"><img loading=\"lazy\" decoding=\"async\" width=\"2000\" height=\"2000\" src=\"https:\/\/erzgraeber.de\/wp-content\/uploads\/2021\/11\/IMG_2804-2000x2000.jpg\" alt=\"\" class=\"wp-image-1754\" srcset=\"https:\/\/erzgraeber.de\/wp-content\/uploads\/2021\/11\/IMG_2804-2000x2000.jpg 2000w, https:\/\/erzgraeber.de\/wp-content\/uploads\/2021\/11\/IMG_2804-300x300.jpg 300w, https:\/\/erzgraeber.de\/wp-content\/uploads\/2021\/11\/IMG_2804-768x768.jpg 768w, https:\/\/erzgraeber.de\/wp-content\/uploads\/2021\/11\/IMG_2804-1536x1536.jpg 1536w, https:\/\/erzgraeber.de\/wp-content\/uploads\/2021\/11\/IMG_2804-2048x2048.jpg 2048w, https:\/\/erzgraeber.de\/wp-content\/uploads\/2021\/11\/IMG_2804-144x144.jpg 144w\" sizes=\"(max-width: 2000px) 100vw, 2000px\" \/><\/figure>\n\n\n\n<p class=\"has-text-align-center\">Zwiebelmettwurst Hausmacher Art<\/p>\n<\/div>\n\n\n\n<div class=\"wp-block-column is-layout-flow wp-block-column-is-layout-flow\">\n<figure class=\"wp-block-image size-large\"><a href=\"https:\/\/erzgraeber.de\/wp-content\/uploads\/2021\/11\/Haehnchen-Gewuerzsalz-scaled.jpg\"><img loading=\"lazy\" decoding=\"async\" width=\"2000\" height=\"2000\" src=\"https:\/\/erzgraeber.de\/wp-content\/uploads\/2021\/11\/Haehnchen-Gewuerzsalz-2000x2000.jpg\" alt=\"\" class=\"wp-image-1796\" srcset=\"https:\/\/erzgraeber.de\/wp-content\/uploads\/2021\/11\/Haehnchen-Gewuerzsalz-2000x2000.jpg 2000w, https:\/\/erzgraeber.de\/wp-content\/uploads\/2021\/11\/Haehnchen-Gewuerzsalz-300x300.jpg 300w, https:\/\/erzgraeber.de\/wp-content\/uploads\/2021\/11\/Haehnchen-Gewuerzsalz-768x768.jpg 768w, https:\/\/erzgraeber.de\/wp-content\/uploads\/2021\/11\/Haehnchen-Gewuerzsalz-1536x1536.jpg 1536w, https:\/\/erzgraeber.de\/wp-content\/uploads\/2021\/11\/Haehnchen-Gewuerzsalz-2048x2048.jpg 2048w, https:\/\/erzgraeber.de\/wp-content\/uploads\/2021\/11\/Haehnchen-Gewuerzsalz-144x144.jpg 144w\" sizes=\"(max-width: 2000px) 100vw, 2000px\" \/><\/a><\/figure>\n\n\n\n<p class=\"has-text-align-center\">H\u00e4hnchen-Gew\u00fcrzsalz<\/p>\n<\/div>\n\n\n\n<div class=\"wp-block-column is-layout-flow wp-block-column-is-layout-flow\"><\/div>\n<\/div>\n\n\n\n<ul class=\"wp-block-list\"><li>Krakauer<\/li><li>Leberk\u00e4se<\/li><li>Mettwurst<\/li><li>Presskopf<\/li><li>Teewurst<\/li><li>Spie\u00dfbraten<\/li><li>Sauerbraten<\/li><li>Gyros<\/li><li>Gurken<\/li><li>H\u00e4hnchen<\/li><li>Suppe<\/li><li>Grillgew\u00fcrze aus eigener Herstellung in gr\u00fcn und rot<\/li><li>Senf<\/li><li>Maggi<\/li><li>Mayonnaise<\/li><\/ul>\n","protected":false},"excerpt":{"rendered":"<p>Aufschnittgew\u00fcrz Bratwurst Fleischwurst extra Klasse Landleberwurst Hausmacher Art Rindswurst Rostbratwurst Th\u00fcringer Art Schwartenmagen Hausmacher Art Th\u00fcringer Blutwurst Hausmacher Art Zervelatwurst Zwiebelmettwurst Hausmacher Art H\u00e4hnchen-Gew\u00fcrzsalz Krakauer Leberk\u00e4se Mettwurst Presskopf Teewurst Spie\u00dfbraten Sauerbraten Gyros Gurken H\u00e4hnchen Suppe Grillgew\u00fcrze aus eigener Herstellung in gr\u00fcn und rot Senf Maggi Mayonnaise<\/p>\n","protected":false},"author":1,"featured_media":0,"parent":0,"menu_order":0,"comment_status":"closed","ping_status":"closed","template":"","meta":{"footnotes":""},"class_list":["post-340","page","type-page","status-publish","hentry"],"jetpack_sharing_enabled":true,"_links":{"self":[{"href":"https:\/\/erzgraeber.de\/index.php?rest_route=\/wp\/v2\/pages\/340"}],"collection":[{"href":"https:\/\/erzgraeber.de\/index.php?rest_route=\/wp\/v2\/pages"}],"about":[{"href":"https:\/\/erzgraeber.de\/index.php?rest_route=\/wp\/v2\/types\/page"}],"author":[{"embeddable":true,"href":"https:\/\/erzgraeber.de\/index.php?rest_route=\/wp\/v2\/users\/1"}],"replies":[{"embeddable":true,"href":"https:\/\/erzgraeber.de\/index.php?rest_route=%2Fwp%2Fv2%2Fcomments&post=340"}],"version-history":[{"count":8,"href":"https:\/\/erzgraeber.de\/index.php?rest_route=\/wp\/v2\/pages\/340\/revisions"}],"predecessor-version":[{"id":1799,"href":"https:\/\/erzgraeber.de\/index.php?rest_route=\/wp\/v2\/pages\/340\/revisions\/1799"}],"wp:attachment":[{"href":"https:\/\/erzgraeber.de\/index.php?rest_route=%2Fwp%2Fv2%2Fmedia&parent=340"}],"curies":[{"name":"wp","href":"https:\/\/api.w.org\/{rel}","templated":true}]}}