{"id":342,"date":"2020-04-16T13:09:06","date_gmt":"2020-04-16T13:09:06","guid":{"rendered":"https:\/\/erzgraeber.de\/?page_id=342"},"modified":"2021-11-28T16:40:16","modified_gmt":"2021-11-28T16:40:16","slug":"hilfsstoffe","status":"publish","type":"page","link":"https:\/\/erzgraeber.de\/?page_id=342","title":{"rendered":"Zusatzstoffe"},"content":{"rendered":"\n<p>Auch f\u00fchren wir einige Zusatzstoffe, die die Verarbeitung erleichtern, die Frische von Produkten verl\u00e4ngert oder den Waren das gewisse Etwas verleiht.<\/p>\n\n\n\n<div class=\"wp-block-columns is-layout-flex wp-container-core-columns-is-layout-1 wp-block-columns-is-layout-flex\">\n<div class=\"wp-block-column is-layout-flow wp-block-column-is-layout-flow\">\n<figure class=\"wp-block-image size-large\"><a href=\"https:\/\/erzgraeber.de\/wp-content\/uploads\/2021\/11\/IMG_2840-1-scaled.jpg\"><img loading=\"lazy\" decoding=\"async\" width=\"2000\" height=\"2000\" src=\"https:\/\/erzgraeber.de\/wp-content\/uploads\/2021\/11\/IMG_2840-1-2000x2000.jpg\" alt=\"\" class=\"wp-image-1775\" srcset=\"https:\/\/erzgraeber.de\/wp-content\/uploads\/2021\/11\/IMG_2840-1-2000x2000.jpg 2000w, https:\/\/erzgraeber.de\/wp-content\/uploads\/2021\/11\/IMG_2840-1-300x300.jpg 300w, https:\/\/erzgraeber.de\/wp-content\/uploads\/2021\/11\/IMG_2840-1-768x768.jpg 768w, https:\/\/erzgraeber.de\/wp-content\/uploads\/2021\/11\/IMG_2840-1-1536x1536.jpg 1536w, https:\/\/erzgraeber.de\/wp-content\/uploads\/2021\/11\/IMG_2840-1-2048x2048.jpg 2048w, https:\/\/erzgraeber.de\/wp-content\/uploads\/2021\/11\/IMG_2840-1-144x144.jpg 144w\" sizes=\"(max-width: 2000px) 100vw, 2000px\" \/><\/a><\/figure>\n\n\n\n<p class=\"has-text-align-center\">Glutamat E621 fein<\/p>\n<\/div>\n\n\n\n<div class=\"wp-block-column is-layout-flow wp-block-column-is-layout-flow\">\n<figure class=\"wp-block-image size-large\"><a href=\"https:\/\/erzgraeber.de\/wp-content\/uploads\/2021\/11\/IMG_2867-scaled.jpg\"><img loading=\"lazy\" decoding=\"async\" width=\"2000\" height=\"2000\" src=\"https:\/\/erzgraeber.de\/wp-content\/uploads\/2021\/11\/IMG_2867-2000x2000.jpg\" alt=\"\" class=\"wp-image-1777\" srcset=\"https:\/\/erzgraeber.de\/wp-content\/uploads\/2021\/11\/IMG_2867-2000x2000.jpg 2000w, https:\/\/erzgraeber.de\/wp-content\/uploads\/2021\/11\/IMG_2867-300x300.jpg 300w, https:\/\/erzgraeber.de\/wp-content\/uploads\/2021\/11\/IMG_2867-768x768.jpg 768w, https:\/\/erzgraeber.de\/wp-content\/uploads\/2021\/11\/IMG_2867-1536x1536.jpg 1536w, https:\/\/erzgraeber.de\/wp-content\/uploads\/2021\/11\/IMG_2867-2048x2048.jpg 2048w, https:\/\/erzgraeber.de\/wp-content\/uploads\/2021\/11\/IMG_2867-144x144.jpg 144w\" sizes=\"(max-width: 2000px) 100vw, 2000px\" \/><\/a><\/figure>\n\n\n\n<p class=\"has-text-align-center\">Speisegelatine 180 Bloom<\/p>\n<\/div>\n\n\n\n<div class=\"wp-block-column is-layout-flow wp-block-column-is-layout-flow\">\n<figure class=\"wp-block-image size-large\"><a href=\"https:\/\/erzgraeber.de\/wp-content\/uploads\/2021\/11\/IMG_28321-scaled.jpg\"><img loading=\"lazy\" decoding=\"async\" width=\"2000\" height=\"2000\" src=\"https:\/\/erzgraeber.de\/wp-content\/uploads\/2021\/11\/IMG_28321-2000x2000.jpg\" alt=\"\" class=\"wp-image-1778\" srcset=\"https:\/\/erzgraeber.de\/wp-content\/uploads\/2021\/11\/IMG_28321-2000x2000.jpg 2000w, https:\/\/erzgraeber.de\/wp-content\/uploads\/2021\/11\/IMG_28321-300x300.jpg 300w, https:\/\/erzgraeber.de\/wp-content\/uploads\/2021\/11\/IMG_28321-768x768.jpg 768w, https:\/\/erzgraeber.de\/wp-content\/uploads\/2021\/11\/IMG_28321-1536x1536.jpg 1536w, https:\/\/erzgraeber.de\/wp-content\/uploads\/2021\/11\/IMG_28321-2048x2048.jpg 2048w, https:\/\/erzgraeber.de\/wp-content\/uploads\/2021\/11\/IMG_28321-144x144.jpg 144w\" sizes=\"(max-width: 2000px) 100vw, 2000px\" \/><\/a><\/figure>\n\n\n\n<p class=\"has-text-align-center\">Blut Plastal<\/p>\n<\/div>\n<\/div>\n\n\n\n<div class=\"wp-block-columns is-layout-flex wp-container-core-columns-is-layout-2 wp-block-columns-is-layout-flex\">\n<div class=\"wp-block-column is-layout-flow wp-block-column-is-layout-flow\">\n<figure class=\"wp-block-image size-large\"><a href=\"https:\/\/erzgraeber.de\/wp-content\/uploads\/2021\/11\/IMG_2824-scaled.jpg\"><img loading=\"lazy\" decoding=\"async\" width=\"2000\" height=\"2000\" src=\"https:\/\/erzgraeber.de\/wp-content\/uploads\/2021\/11\/IMG_2824-2000x2000.jpg\" alt=\"\" class=\"wp-image-1779\" srcset=\"https:\/\/erzgraeber.de\/wp-content\/uploads\/2021\/11\/IMG_2824-2000x2000.jpg 2000w, https:\/\/erzgraeber.de\/wp-content\/uploads\/2021\/11\/IMG_2824-300x300.jpg 300w, https:\/\/erzgraeber.de\/wp-content\/uploads\/2021\/11\/IMG_2824-768x768.jpg 768w, https:\/\/erzgraeber.de\/wp-content\/uploads\/2021\/11\/IMG_2824-1536x1536.jpg 1536w, https:\/\/erzgraeber.de\/wp-content\/uploads\/2021\/11\/IMG_2824-2048x2048.jpg 2048w, https:\/\/erzgraeber.de\/wp-content\/uploads\/2021\/11\/IMG_2824-144x144.jpg 144w\" sizes=\"(max-width: 2000px) 100vw, 2000px\" \/><\/a><\/figure>\n\n\n\n<p class=\"has-text-align-center has-normal-font-size\">Bombal<\/p>\n<\/div>\n\n\n\n<div class=\"wp-block-column is-layout-flow wp-block-column-is-layout-flow\">\n<figure class=\"wp-block-image size-large\"><a href=\"https:\/\/erzgraeber.de\/wp-content\/uploads\/2021\/11\/IMG_2818-scaled.jpg\"><img loading=\"lazy\" decoding=\"async\" width=\"2000\" height=\"2000\" src=\"https:\/\/erzgraeber.de\/wp-content\/uploads\/2021\/11\/IMG_2818-2000x2000.jpg\" alt=\"\" class=\"wp-image-1780\" srcset=\"https:\/\/erzgraeber.de\/wp-content\/uploads\/2021\/11\/IMG_2818-2000x2000.jpg 2000w, https:\/\/erzgraeber.de\/wp-content\/uploads\/2021\/11\/IMG_2818-300x300.jpg 300w, https:\/\/erzgraeber.de\/wp-content\/uploads\/2021\/11\/IMG_2818-768x768.jpg 768w, https:\/\/erzgraeber.de\/wp-content\/uploads\/2021\/11\/IMG_2818-1536x1536.jpg 1536w, https:\/\/erzgraeber.de\/wp-content\/uploads\/2021\/11\/IMG_2818-2048x2048.jpg 2048w, https:\/\/erzgraeber.de\/wp-content\/uploads\/2021\/11\/IMG_2818-144x144.jpg 144w\" sizes=\"(max-width: 2000px) 100vw, 2000px\" \/><\/a><\/figure>\n\n\n\n<p class=\"has-text-align-center\">KutterGold Combi PR 2000<\/p>\n<\/div>\n\n\n\n<div class=\"wp-block-column is-layout-flow wp-block-column-is-layout-flow\">\n<figure class=\"wp-block-image size-large\"><a href=\"https:\/\/erzgraeber.de\/wp-content\/uploads\/2021\/11\/IMG_28351-scaled.jpg\"><img loading=\"lazy\" decoding=\"async\" width=\"2000\" height=\"2000\" src=\"https:\/\/erzgraeber.de\/wp-content\/uploads\/2021\/11\/IMG_28351-2000x2000.jpg\" alt=\"\" class=\"wp-image-1781\" srcset=\"https:\/\/erzgraeber.de\/wp-content\/uploads\/2021\/11\/IMG_28351-2000x2000.jpg 2000w, https:\/\/erzgraeber.de\/wp-content\/uploads\/2021\/11\/IMG_28351-300x300.jpg 300w, https:\/\/erzgraeber.de\/wp-content\/uploads\/2021\/11\/IMG_28351-768x768.jpg 768w, https:\/\/erzgraeber.de\/wp-content\/uploads\/2021\/11\/IMG_28351-1536x1536.jpg 1536w, https:\/\/erzgraeber.de\/wp-content\/uploads\/2021\/11\/IMG_28351-2048x2048.jpg 2048w, https:\/\/erzgraeber.de\/wp-content\/uploads\/2021\/11\/IMG_28351-144x144.jpg 144w\" sizes=\"(max-width: 2000px) 100vw, 2000px\" \/><\/a><\/figure>\n\n\n\n<p class=\"has-text-align-center\">Plastal P<\/p>\n<\/div>\n<\/div>\n\n\n\n<div class=\"wp-block-columns is-layout-flex wp-container-core-columns-is-layout-3 wp-block-columns-is-layout-flex\">\n<div class=\"wp-block-column is-layout-flow wp-block-column-is-layout-flow\">\n<figure class=\"wp-block-image size-large\"><a href=\"https:\/\/erzgraeber.de\/wp-content\/uploads\/2021\/11\/IMG_2817-1-scaled.jpg\"><img loading=\"lazy\" decoding=\"async\" width=\"2000\" height=\"2000\" src=\"https:\/\/erzgraeber.de\/wp-content\/uploads\/2021\/11\/IMG_2817-1-2000x2000.jpg\" alt=\"\" class=\"wp-image-1789\" srcset=\"https:\/\/erzgraeber.de\/wp-content\/uploads\/2021\/11\/IMG_2817-1-2000x2000.jpg 2000w, https:\/\/erzgraeber.de\/wp-content\/uploads\/2021\/11\/IMG_2817-1-300x300.jpg 300w, https:\/\/erzgraeber.de\/wp-content\/uploads\/2021\/11\/IMG_2817-1-768x768.jpg 768w, https:\/\/erzgraeber.de\/wp-content\/uploads\/2021\/11\/IMG_2817-1-1536x1536.jpg 1536w, https:\/\/erzgraeber.de\/wp-content\/uploads\/2021\/11\/IMG_2817-1-2048x2048.jpg 2048w, https:\/\/erzgraeber.de\/wp-content\/uploads\/2021\/11\/IMG_2817-1-144x144.jpg 144w\" sizes=\"(max-width: 2000px) 100vw, 2000px\" \/><\/a><\/figure>\n\n\n\n<p class=\"has-text-align-center\">P\u00f6k extra stark BL<br>1 kg<\/p>\n<\/div>\n\n\n\n<div class=\"wp-block-column is-layout-flow wp-block-column-is-layout-flow\">\n<figure class=\"wp-block-image size-large\"><a href=\"https:\/\/erzgraeber.de\/wp-content\/uploads\/2021\/11\/IMG_28301-3-scaled.jpg\"><img loading=\"lazy\" decoding=\"async\" width=\"2000\" height=\"2000\" src=\"https:\/\/erzgraeber.de\/wp-content\/uploads\/2021\/11\/IMG_28301-3-2000x2000.jpg\" alt=\"\" class=\"wp-image-1790\" srcset=\"https:\/\/erzgraeber.de\/wp-content\/uploads\/2021\/11\/IMG_28301-3-2000x2000.jpg 2000w, https:\/\/erzgraeber.de\/wp-content\/uploads\/2021\/11\/IMG_28301-3-300x300.jpg 300w, https:\/\/erzgraeber.de\/wp-content\/uploads\/2021\/11\/IMG_28301-3-768x768.jpg 768w, https:\/\/erzgraeber.de\/wp-content\/uploads\/2021\/11\/IMG_28301-3-1536x1536.jpg 1536w, https:\/\/erzgraeber.de\/wp-content\/uploads\/2021\/11\/IMG_28301-3-2048x2048.jpg 2048w, https:\/\/erzgraeber.de\/wp-content\/uploads\/2021\/11\/IMG_28301-3-144x144.jpg 144w\" sizes=\"(max-width: 2000px) 100vw, 2000px\" \/><\/a><\/figure>\n\n\n\n<p class=\"has-text-align-center\">P\u00f6k extra stark BL<br>40 g<\/p>\n<\/div>\n\n\n\n<div class=\"wp-block-column is-layout-flow wp-block-column-is-layout-flow\">\n<figure class=\"wp-block-image size-large\"><a href=\"https:\/\/erzgraeber.de\/wp-content\/uploads\/2021\/11\/IMG_2811-scaled.jpg\"><img loading=\"lazy\" decoding=\"async\" width=\"2000\" height=\"2000\" src=\"https:\/\/erzgraeber.de\/wp-content\/uploads\/2021\/11\/IMG_2811-2000x2000.jpg\" alt=\"\" class=\"wp-image-1791\" srcset=\"https:\/\/erzgraeber.de\/wp-content\/uploads\/2021\/11\/IMG_2811-2000x2000.jpg 2000w, https:\/\/erzgraeber.de\/wp-content\/uploads\/2021\/11\/IMG_2811-300x300.jpg 300w, https:\/\/erzgraeber.de\/wp-content\/uploads\/2021\/11\/IMG_2811-768x768.jpg 768w, https:\/\/erzgraeber.de\/wp-content\/uploads\/2021\/11\/IMG_2811-1536x1536.jpg 1536w, https:\/\/erzgraeber.de\/wp-content\/uploads\/2021\/11\/IMG_2811-2048x2048.jpg 2048w, https:\/\/erzgraeber.de\/wp-content\/uploads\/2021\/11\/IMG_2811-144x144.jpg 144w\" sizes=\"(max-width: 2000px) 100vw, 2000px\" \/><\/a><\/figure>\n\n\n\n<p class=\"has-text-align-center\">Schinken-P\u00f6k rustikal<\/p>\n<\/div>\n<\/div>\n\n\n\n<div class=\"wp-block-columns is-layout-flex wp-container-core-columns-is-layout-4 wp-block-columns-is-layout-flex\">\n<div class=\"wp-block-column is-layout-flow wp-block-column-is-layout-flow\">\n<figure class=\"wp-block-image size-large\"><a href=\"https:\/\/erzgraeber.de\/wp-content\/uploads\/2021\/11\/IMG_2823-scaled.jpg\"><img loading=\"lazy\" decoding=\"async\" width=\"2000\" height=\"2000\" src=\"https:\/\/erzgraeber.de\/wp-content\/uploads\/2021\/11\/IMG_2823-2000x2000.jpg\" alt=\"\" class=\"wp-image-1792\" srcset=\"https:\/\/erzgraeber.de\/wp-content\/uploads\/2021\/11\/IMG_2823-2000x2000.jpg 2000w, https:\/\/erzgraeber.de\/wp-content\/uploads\/2021\/11\/IMG_2823-300x300.jpg 300w, https:\/\/erzgraeber.de\/wp-content\/uploads\/2021\/11\/IMG_2823-768x768.jpg 768w, https:\/\/erzgraeber.de\/wp-content\/uploads\/2021\/11\/IMG_2823-1536x1536.jpg 1536w, https:\/\/erzgraeber.de\/wp-content\/uploads\/2021\/11\/IMG_2823-2048x2048.jpg 2048w, https:\/\/erzgraeber.de\/wp-content\/uploads\/2021\/11\/IMG_2823-144x144.jpg 144w\" sizes=\"(max-width: 2000px) 100vw, 2000px\" \/><\/a><\/figure>\n\n\n\n<p class=\"has-text-align-center\">Smak S<\/p>\n<\/div>\n\n\n\n<div class=\"wp-block-column is-layout-flow wp-block-column-is-layout-flow\">\n<figure class=\"wp-block-image size-large\"><a href=\"https:\/\/erzgraeber.de\/wp-content\/uploads\/2021\/11\/Paprika-3000-scaled.jpg\"><img loading=\"lazy\" decoding=\"async\" width=\"2000\" height=\"2000\" src=\"https:\/\/erzgraeber.de\/wp-content\/uploads\/2021\/11\/Paprika-3000-2000x2000.jpg\" alt=\"\" class=\"wp-image-1801\" srcset=\"https:\/\/erzgraeber.de\/wp-content\/uploads\/2021\/11\/Paprika-3000-2000x2000.jpg 2000w, https:\/\/erzgraeber.de\/wp-content\/uploads\/2021\/11\/Paprika-3000-300x300.jpg 300w, https:\/\/erzgraeber.de\/wp-content\/uploads\/2021\/11\/Paprika-3000-768x768.jpg 768w, https:\/\/erzgraeber.de\/wp-content\/uploads\/2021\/11\/Paprika-3000-1536x1536.jpg 1536w, https:\/\/erzgraeber.de\/wp-content\/uploads\/2021\/11\/Paprika-3000-2048x2048.jpg 2048w, https:\/\/erzgraeber.de\/wp-content\/uploads\/2021\/11\/Paprika-3000-144x144.jpg 144w\" sizes=\"(max-width: 2000px) 100vw, 2000px\" \/><\/a><\/figure>\n\n\n\n<p class=\"has-text-align-center\">Paprika 3000<br>fl\u00fcssig \/ 1,3 kg Flasche<\/p>\n<\/div>\n\n\n\n<div class=\"wp-block-column is-layout-flow wp-block-column-is-layout-flow\"><\/div>\n<\/div>\n\n\n\n<ul class=\"wp-block-list\"><li>Natrium<\/li><li>Aspik 180 Bloom<\/li><li>Nubassan B<\/li><li>Polasol<\/li><li>Sal Mett<\/li><li>Combin-P 2000<\/li><li>Elite 70<\/li><li>Lemal<\/li><li>L\u00f6sin<\/li><li>Starterkulturen primal soft<\/li><\/ul>\n\n\n\n<p><\/p>\n","protected":false},"excerpt":{"rendered":"<p>Auch f\u00fchren wir einige Zusatzstoffe, die die Verarbeitung erleichtern, die Frische von Produkten verl\u00e4ngert oder den Waren das gewisse Etwas verleiht. Glutamat E621 fein Speisegelatine 180 Bloom Blut Plastal Bombal KutterGold Combi PR 2000 Plastal P P\u00f6k extra stark BL1 kg P\u00f6k extra stark BL40 g Schinken-P\u00f6k rustikal Smak S Paprika 3000fl\u00fcssig \/ 1,3 kg [&hellip;]<\/p>\n","protected":false},"author":1,"featured_media":0,"parent":0,"menu_order":0,"comment_status":"closed","ping_status":"closed","template":"","meta":{"footnotes":""},"class_list":["post-342","page","type-page","status-publish","hentry"],"jetpack_sharing_enabled":true,"_links":{"self":[{"href":"https:\/\/erzgraeber.de\/index.php?rest_route=\/wp\/v2\/pages\/342"}],"collection":[{"href":"https:\/\/erzgraeber.de\/index.php?rest_route=\/wp\/v2\/pages"}],"about":[{"href":"https:\/\/erzgraeber.de\/index.php?rest_route=\/wp\/v2\/types\/page"}],"author":[{"embeddable":true,"href":"https:\/\/erzgraeber.de\/index.php?rest_route=\/wp\/v2\/users\/1"}],"replies":[{"embeddable":true,"href":"https:\/\/erzgraeber.de\/index.php?rest_route=%2Fwp%2Fv2%2Fcomments&post=342"}],"version-history":[{"count":14,"href":"https:\/\/erzgraeber.de\/index.php?rest_route=\/wp\/v2\/pages\/342\/revisions"}],"predecessor-version":[{"id":1802,"href":"https:\/\/erzgraeber.de\/index.php?rest_route=\/wp\/v2\/pages\/342\/revisions\/1802"}],"wp:attachment":[{"href":"https:\/\/erzgraeber.de\/index.php?rest_route=%2Fwp%2Fv2%2Fmedia&parent=342"}],"curies":[{"name":"wp","href":"https:\/\/api.w.org\/{rel}","templated":true}]}}