{"id":365,"date":"2020-04-16T13:17:35","date_gmt":"2020-04-16T13:17:35","guid":{"rendered":"https:\/\/erzgraeber.de\/?page_id=365"},"modified":"2020-04-30T13:08:02","modified_gmt":"2020-04-30T13:08:02","slug":"kunstdaerme","status":"publish","type":"page","link":"https:\/\/erzgraeber.de\/?page_id=365","title":{"rendered":"Kunstd\u00e4rme"},"content":{"rendered":"\n<p>K\u00fcnstliche Wursth\u00fcllen bestehen entweder aus ver\u00e4nderten, nat\u00fcrlichen Stoffen (Papier, Pergament, Rinderhaut und pflanzliche Zellstoffe) oder aus Kunststoffen (Polyamid, Polyester).<br>Sie besitzen eine so genannte Kalibertreue, das heisst, dass der Durchmesser des Darms gleich bleibt; das vereinfacht die maschinelle Verarbeitung.<\/p>\n\n\n\n<div class=\"wp-block-group\"><div class=\"wp-block-group__inner-container is-layout-flow wp-block-group-is-layout-flow\">\n<div class=\"wp-block-group\"><div class=\"wp-block-group__inner-container is-layout-flow wp-block-group-is-layout-flow\">\n<figure class=\"wp-block-gallery columns-1 is-cropped wp-block-gallery-1 is-layout-flex wp-block-gallery-is-layout-flex\"><ul class=\"blocks-gallery-grid\"><li class=\"blocks-gallery-item\"><figure><img loading=\"lazy\" decoding=\"async\" width=\"1416\" height=\"672\" src=\"https:\/\/erzgraeber.de\/wp-content\/uploads\/2020\/04\/Kunstdarm-Bierschinken-2.png\" alt=\"\" data-id=\"862\" data-link=\"https:\/\/erzgraeber.de\/?attachment_id=862\" class=\"wp-image-862\" srcset=\"https:\/\/erzgraeber.de\/wp-content\/uploads\/2020\/04\/Kunstdarm-Bierschinken-2.png 1416w, https:\/\/erzgraeber.de\/wp-content\/uploads\/2020\/04\/Kunstdarm-Bierschinken-2-300x142.png 300w, https:\/\/erzgraeber.de\/wp-content\/uploads\/2020\/04\/Kunstdarm-Bierschinken-2-1024x486.png 1024w, https:\/\/erzgraeber.de\/wp-content\/uploads\/2020\/04\/Kunstdarm-Bierschinken-2-768x364.png 768w\" sizes=\"(max-width: 1416px) 100vw, 1416px\" \/><figcaption class=\"blocks-gallery-item__caption\">Bierschinken<\/figcaption><\/figure><\/li><li class=\"blocks-gallery-item\"><figure><img loading=\"lazy\" decoding=\"async\" width=\"1416\" height=\"672\" src=\"https:\/\/erzgraeber.de\/wp-content\/uploads\/2020\/04\/Kunstdarm-Budenheimer-2.png\" alt=\"\" data-id=\"863\" data-link=\"https:\/\/erzgraeber.de\/?attachment_id=863\" class=\"wp-image-863\" srcset=\"https:\/\/erzgraeber.de\/wp-content\/uploads\/2020\/04\/Kunstdarm-Budenheimer-2.png 1416w, https:\/\/erzgraeber.de\/wp-content\/uploads\/2020\/04\/Kunstdarm-Budenheimer-2-300x142.png 300w, https:\/\/erzgraeber.de\/wp-content\/uploads\/2020\/04\/Kunstdarm-Budenheimer-2-1024x486.png 1024w, https:\/\/erzgraeber.de\/wp-content\/uploads\/2020\/04\/Kunstdarm-Budenheimer-2-768x364.png 768w\" sizes=\"(max-width: 1416px) 100vw, 1416px\" \/><figcaption class=\"blocks-gallery-item__caption\">Budenheimer Kunstdarm<\/figcaption><\/figure><\/li><li class=\"blocks-gallery-item\"><figure><img loading=\"lazy\" decoding=\"async\" width=\"1416\" height=\"672\" src=\"https:\/\/erzgraeber.de\/wp-content\/uploads\/2020\/04\/Kunstdarm-Delikatess-Leberwurst-Abschnitte-1.png\" alt=\"\" data-id=\"864\" data-link=\"https:\/\/erzgraeber.de\/?attachment_id=864\" class=\"wp-image-864\" srcset=\"https:\/\/erzgraeber.de\/wp-content\/uploads\/2020\/04\/Kunstdarm-Delikatess-Leberwurst-Abschnitte-1.png 1416w, https:\/\/erzgraeber.de\/wp-content\/uploads\/2020\/04\/Kunstdarm-Delikatess-Leberwurst-Abschnitte-1-300x142.png 300w, https:\/\/erzgraeber.de\/wp-content\/uploads\/2020\/04\/Kunstdarm-Delikatess-Leberwurst-Abschnitte-1-1024x486.png 1024w, https:\/\/erzgraeber.de\/wp-content\/uploads\/2020\/04\/Kunstdarm-Delikatess-Leberwurst-Abschnitte-1-768x364.png 768w\" sizes=\"(max-width: 1416px) 100vw, 1416px\" \/><figcaption class=\"blocks-gallery-item__caption\">Leberwurst<\/figcaption><\/figure><\/li><li class=\"blocks-gallery-item\"><figure><img loading=\"lazy\" decoding=\"async\" width=\"639\" height=\"620\" src=\"https:\/\/erzgraeber.de\/wp-content\/uploads\/2020\/04\/Kunstdarm-Gelbwurst-Abschnitte-lang-2.png\" alt=\"\" data-id=\"866\" data-link=\"https:\/\/erzgraeber.de\/?attachment_id=866\" class=\"wp-image-866\" srcset=\"https:\/\/erzgraeber.de\/wp-content\/uploads\/2020\/04\/Kunstdarm-Gelbwurst-Abschnitte-lang-2.png 639w, https:\/\/erzgraeber.de\/wp-content\/uploads\/2020\/04\/Kunstdarm-Gelbwurst-Abschnitte-lang-2-300x291.png 300w\" sizes=\"(max-width: 639px) 100vw, 639px\" \/><figcaption class=\"blocks-gallery-item__caption\">Gelbwurst<\/figcaption><\/figure><\/li><li class=\"blocks-gallery-item\"><figure><img loading=\"lazy\" decoding=\"async\" width=\"1416\" height=\"672\" src=\"https:\/\/erzgraeber.de\/wp-content\/uploads\/2020\/04\/Kunstdarm-Gelbwurst-Pferd.png\" alt=\"\" data-id=\"867\" data-link=\"https:\/\/erzgraeber.de\/?attachment_id=867\" class=\"wp-image-867\" srcset=\"https:\/\/erzgraeber.de\/wp-content\/uploads\/2020\/04\/Kunstdarm-Gelbwurst-Pferd.png 1416w, https:\/\/erzgraeber.de\/wp-content\/uploads\/2020\/04\/Kunstdarm-Gelbwurst-Pferd-300x142.png 300w, https:\/\/erzgraeber.de\/wp-content\/uploads\/2020\/04\/Kunstdarm-Gelbwurst-Pferd-1024x486.png 1024w, https:\/\/erzgraeber.de\/wp-content\/uploads\/2020\/04\/Kunstdarm-Gelbwurst-Pferd-768x364.png 768w\" sizes=\"(max-width: 1416px) 100vw, 1416px\" \/><figcaption class=\"blocks-gallery-item__caption\">Einhorn-Motiv<\/figcaption><\/figure><\/li><li class=\"blocks-gallery-item\"><figure><img loading=\"lazy\" decoding=\"async\" width=\"1416\" height=\"672\" src=\"https:\/\/erzgraeber.de\/wp-content\/uploads\/2020\/04\/Kunstdarm-Gelbwurst-Raupe.png\" alt=\"\" data-id=\"868\" data-link=\"https:\/\/erzgraeber.de\/?attachment_id=868\" class=\"wp-image-868\" srcset=\"https:\/\/erzgraeber.de\/wp-content\/uploads\/2020\/04\/Kunstdarm-Gelbwurst-Raupe.png 1416w, https:\/\/erzgraeber.de\/wp-content\/uploads\/2020\/04\/Kunstdarm-Gelbwurst-Raupe-300x142.png 300w, https:\/\/erzgraeber.de\/wp-content\/uploads\/2020\/04\/Kunstdarm-Gelbwurst-Raupe-1024x486.png 1024w, https:\/\/erzgraeber.de\/wp-content\/uploads\/2020\/04\/Kunstdarm-Gelbwurst-Raupe-768x364.png 768w\" sizes=\"(max-width: 1416px) 100vw, 1416px\" \/><figcaption class=\"blocks-gallery-item__caption\">Gelbwurst (Raupe)<\/figcaption><\/figure><\/li><li class=\"blocks-gallery-item\"><figure><img loading=\"lazy\" decoding=\"async\" width=\"1416\" height=\"672\" src=\"https:\/\/erzgraeber.de\/wp-content\/uploads\/2020\/04\/Kunstdarm-Paprika-Lyoner.png\" alt=\"\" data-id=\"869\" data-link=\"https:\/\/erzgraeber.de\/?attachment_id=869\" class=\"wp-image-869\" srcset=\"https:\/\/erzgraeber.de\/wp-content\/uploads\/2020\/04\/Kunstdarm-Paprika-Lyoner.png 1416w, https:\/\/erzgraeber.de\/wp-content\/uploads\/2020\/04\/Kunstdarm-Paprika-Lyoner-300x142.png 300w, https:\/\/erzgraeber.de\/wp-content\/uploads\/2020\/04\/Kunstdarm-Paprika-Lyoner-1024x486.png 1024w, https:\/\/erzgraeber.de\/wp-content\/uploads\/2020\/04\/Kunstdarm-Paprika-Lyoner-768x364.png 768w\" sizes=\"(max-width: 1416px) 100vw, 1416px\" \/><figcaption class=\"blocks-gallery-item__caption\">Paprikalyoner<\/figcaption><\/figure><\/li><li class=\"blocks-gallery-item\"><figure><img loading=\"lazy\" decoding=\"async\" width=\"1416\" height=\"672\" src=\"https:\/\/erzgraeber.de\/wp-content\/uploads\/2020\/04\/Kunstdarm-Salamie-lachsrot.png\" alt=\"\" data-id=\"870\" data-link=\"https:\/\/erzgraeber.de\/?attachment_id=870\" class=\"wp-image-870\" srcset=\"https:\/\/erzgraeber.de\/wp-content\/uploads\/2020\/04\/Kunstdarm-Salamie-lachsrot.png 1416w, https:\/\/erzgraeber.de\/wp-content\/uploads\/2020\/04\/Kunstdarm-Salamie-lachsrot-300x142.png 300w, https:\/\/erzgraeber.de\/wp-content\/uploads\/2020\/04\/Kunstdarm-Salamie-lachsrot-1024x486.png 1024w, https:\/\/erzgraeber.de\/wp-content\/uploads\/2020\/04\/Kunstdarm-Salamie-lachsrot-768x364.png 768w\" sizes=\"(max-width: 1416px) 100vw, 1416px\" \/><figcaption class=\"blocks-gallery-item__caption\">Salami<\/figcaption><\/figure><\/li><li class=\"blocks-gallery-item\"><figure><img loading=\"lazy\" decoding=\"async\" width=\"1416\" height=\"672\" src=\"https:\/\/erzgraeber.de\/wp-content\/uploads\/2020\/04\/Kunstdarm-Versch.-Gelbwurst.png\" alt=\"\" data-id=\"871\" data-link=\"https:\/\/erzgraeber.de\/?attachment_id=871\" class=\"wp-image-871\" srcset=\"https:\/\/erzgraeber.de\/wp-content\/uploads\/2020\/04\/Kunstdarm-Versch.-Gelbwurst.png 1416w, https:\/\/erzgraeber.de\/wp-content\/uploads\/2020\/04\/Kunstdarm-Versch.-Gelbwurst-300x142.png 300w, https:\/\/erzgraeber.de\/wp-content\/uploads\/2020\/04\/Kunstdarm-Versch.-Gelbwurst-1024x486.png 1024w, https:\/\/erzgraeber.de\/wp-content\/uploads\/2020\/04\/Kunstdarm-Versch.-Gelbwurst-768x364.png 768w\" sizes=\"(max-width: 1416px) 100vw, 1416px\" \/><figcaption class=\"blocks-gallery-item__caption\">Gelbwurst<\/figcaption><\/figure><\/li><li class=\"blocks-gallery-item\"><figure><img loading=\"lazy\" decoding=\"async\" width=\"1416\" height=\"672\" src=\"https:\/\/erzgraeber.de\/wp-content\/uploads\/2020\/04\/Kunstdarm-frische-Zwiebelmett-2.png\" alt=\"\" data-id=\"874\" data-full-url=\"https:\/\/erzgraeber.de\/wp-content\/uploads\/2020\/04\/Kunstdarm-frische-Zwiebelmett-2.png\" data-link=\"https:\/\/erzgraeber.de\/?attachment_id=874\" class=\"wp-image-874\" srcset=\"https:\/\/erzgraeber.de\/wp-content\/uploads\/2020\/04\/Kunstdarm-frische-Zwiebelmett-2.png 1416w, https:\/\/erzgraeber.de\/wp-content\/uploads\/2020\/04\/Kunstdarm-frische-Zwiebelmett-2-300x142.png 300w, https:\/\/erzgraeber.de\/wp-content\/uploads\/2020\/04\/Kunstdarm-frische-Zwiebelmett-2-1024x486.png 1024w, https:\/\/erzgraeber.de\/wp-content\/uploads\/2020\/04\/Kunstdarm-frische-Zwiebelmett-2-768x364.png 768w\" sizes=\"(max-width: 1416px) 100vw, 1416px\" \/><figcaption class=\"blocks-gallery-item__caption\">Frische Zwiebelmettwurst<\/figcaption><\/figure><\/li><\/ul><figcaption class=\"blocks-gallery-caption\">Nat\u00fcrlich ist dies nur eine kleine \u00dcbersicht; unsere Produktpalette umfasst vieles mehr.<\/figcaption><\/figure>\n<\/div><\/div>\n<\/div><\/div>\n\n\n\n<p><\/p>\n","protected":false},"excerpt":{"rendered":"<p>K\u00fcnstliche Wursth\u00fcllen bestehen entweder aus ver\u00e4nderten, nat\u00fcrlichen Stoffen (Papier, Pergament, Rinderhaut und pflanzliche Zellstoffe) oder aus Kunststoffen (Polyamid, Polyester).Sie besitzen eine so genannte Kalibertreue, das heisst, dass der Durchmesser des Darms gleich bleibt; das vereinfacht die maschinelle Verarbeitung.<\/p>\n","protected":false},"author":1,"featured_media":0,"parent":0,"menu_order":0,"comment_status":"closed","ping_status":"closed","template":"","meta":{"footnotes":""},"class_list":["post-365","page","type-page","status-publish","hentry"],"jetpack_sharing_enabled":true,"_links":{"self":[{"href":"https:\/\/erzgraeber.de\/index.php?rest_route=\/wp\/v2\/pages\/365"}],"collection":[{"href":"https:\/\/erzgraeber.de\/index.php?rest_route=\/wp\/v2\/pages"}],"about":[{"href":"https:\/\/erzgraeber.de\/index.php?rest_route=\/wp\/v2\/types\/page"}],"author":[{"embeddable":true,"href":"https:\/\/erzgraeber.de\/index.php?rest_route=\/wp\/v2\/users\/1"}],"replies":[{"embeddable":true,"href":"https:\/\/erzgraeber.de\/index.php?rest_route=%2Fwp%2Fv2%2Fcomments&post=365"}],"version-history":[{"count":11,"href":"https:\/\/erzgraeber.de\/index.php?rest_route=\/wp\/v2\/pages\/365\/revisions"}],"predecessor-version":[{"id":880,"href":"https:\/\/erzgraeber.de\/index.php?rest_route=\/wp\/v2\/pages\/365\/revisions\/880"}],"wp:attachment":[{"href":"https:\/\/erzgraeber.de\/index.php?rest_route=%2Fwp%2Fv2%2Fmedia&parent=365"}],"curies":[{"name":"wp","href":"https:\/\/api.w.org\/{rel}","templated":true}]}}