{"id":366,"date":"2020-04-16T13:17:35","date_gmt":"2020-04-16T13:17:35","guid":{"rendered":"https:\/\/erzgraeber.de\/?page_id=366"},"modified":"2020-04-30T12:39:23","modified_gmt":"2020-04-30T12:39:23","slug":"stoffdaerme","status":"publish","type":"page","link":"https:\/\/erzgraeber.de\/?page_id=366","title":{"rendered":"Stoffd\u00e4rme"},"content":{"rendered":"\n<p>Textild\u00e4rme erfreuen sich aufgrund der zahllosen Gestaltungsm\u00f6glichkeiten an einer hohen Beliebtheit. Sie werden gr\u00f6\u00dftenteils aus Baumwolle hergestellt, m\u00fcssen vor der Verwendung nicht stark behandelt werden und eignen sich auch ideal zum R\u00e4uchern. <br>Wursth\u00fcllen aus Zellwolle besitzen optimale Sch\u00e4leigenschaften und sollten m\u00f6glichst trocken verwendet werden.<\/p>\n\n\n\n<figure class=\"wp-block-image size-large is-style-default\"><img loading=\"lazy\" decoding=\"async\" width=\"544\" height=\"672\" src=\"https:\/\/erzgraeber.de\/wp-content\/uploads\/2020\/04\/alle-1.png\" alt=\"\" class=\"wp-image-860\" srcset=\"https:\/\/erzgraeber.de\/wp-content\/uploads\/2020\/04\/alle-1.png 544w, https:\/\/erzgraeber.de\/wp-content\/uploads\/2020\/04\/alle-1-243x300.png 243w\" sizes=\"(max-width: 544px) 100vw, 544px\" \/><figcaption>Diese und viele weitere Varianten sind bei uns bestellbar!<\/figcaption><\/figure>\n","protected":false},"excerpt":{"rendered":"<p>Textild\u00e4rme erfreuen sich aufgrund der zahllosen Gestaltungsm\u00f6glichkeiten an einer hohen Beliebtheit. Sie werden gr\u00f6\u00dftenteils aus Baumwolle hergestellt, m\u00fcssen vor der Verwendung nicht stark behandelt werden und eignen sich auch ideal zum R\u00e4uchern. Wursth\u00fcllen aus Zellwolle besitzen optimale Sch\u00e4leigenschaften und sollten m\u00f6glichst trocken verwendet werden.<\/p>\n","protected":false},"author":1,"featured_media":0,"parent":0,"menu_order":0,"comment_status":"closed","ping_status":"closed","template":"","meta":{"footnotes":""},"class_list":["post-366","page","type-page","status-publish","hentry"],"jetpack_sharing_enabled":true,"_links":{"self":[{"href":"https:\/\/erzgraeber.de\/index.php?rest_route=\/wp\/v2\/pages\/366"}],"collection":[{"href":"https:\/\/erzgraeber.de\/index.php?rest_route=\/wp\/v2\/pages"}],"about":[{"href":"https:\/\/erzgraeber.de\/index.php?rest_route=\/wp\/v2\/types\/page"}],"author":[{"embeddable":true,"href":"https:\/\/erzgraeber.de\/index.php?rest_route=\/wp\/v2\/users\/1"}],"replies":[{"embeddable":true,"href":"https:\/\/erzgraeber.de\/index.php?rest_route=%2Fwp%2Fv2%2Fcomments&post=366"}],"version-history":[{"count":4,"href":"https:\/\/erzgraeber.de\/index.php?rest_route=\/wp\/v2\/pages\/366\/revisions"}],"predecessor-version":[{"id":861,"href":"https:\/\/erzgraeber.de\/index.php?rest_route=\/wp\/v2\/pages\/366\/revisions\/861"}],"wp:attachment":[{"href":"https:\/\/erzgraeber.de\/index.php?rest_route=%2Fwp%2Fv2%2Fmedia&parent=366"}],"curies":[{"name":"wp","href":"https:\/\/api.w.org\/{rel}","templated":true}]}}