{"id":381,"date":"2020-04-16T13:23:33","date_gmt":"2020-04-16T13:23:33","guid":{"rendered":"https:\/\/erzgraeber.de\/?page_id=381"},"modified":"2020-05-27T13:04:06","modified_gmt":"2020-05-27T13:04:06","slug":"vakuumbeutel","status":"publish","type":"page","link":"https:\/\/erzgraeber.de\/?page_id=381","title":{"rendered":"Vakuumbeutel"},"content":{"rendered":"\n<figure class=\"wp-block-table is-style-stripes\"><table><tbody><tr><td>Siegelrand<br>Schrumpfbeutel<br>Schlauchbeutel<br>Kochbeutel<br>mit Aufh\u00e4nger<\/td><td>75\/250<br>130\/220<br>135\/180<br>165\/220<br>180\/240<br>200\/300<br>220\/320<br>230\/350<br>260\/360<br>300\/300<br>300\/400<br>400\/500<br>500\/600<\/td><td>Siegelrand kariert (blau\/gr\u00fcn\/rot)<br>130\/260<br>165\/210<br>165\/250<br>180\/240<br>200\/290<br>210\/260<br><\/td><\/tr><tr><td>Schwarz\/durchsichtig<\/td><td><\/td><td><\/td><\/tr><tr><td>mit Druck<\/td><td>&#8218;Delikatessaufschnitt&#8216;<br>&#8218;Grillbratwurst&#8216;<br>&#8218;Grillspezialit\u00e4ten&#8216;<br>&#8218;Maultaschen&#8216;<br>&#8218;Sauerbraten&#8216;<\/td><td><\/td><\/tr><tr><td>Vakuumbeutel f\u00fcr Haushaltsger\u00e4te (geriffelt)<\/td><td>150\/300<br>160\/250<br>200\/300<br>250\/350<br>300\/400<br>als Rolle 20 cm breit \/ 6 m lang<\/td><td><\/td><\/tr><tr><td>Zellfilter<\/td><td>60&#215;60 mm<br>60&#215;90 mm <br>80&#215;120 mm<br>110&#215;170 mm<br>170 x 220 mm<\/td><td><\/td><\/tr><\/tbody><\/table><\/figure>\n","protected":false},"excerpt":{"rendered":"<p>SiegelrandSchrumpfbeutelSchlauchbeutelKochbeutelmit Aufh\u00e4nger 75\/250130\/220135\/180165\/220180\/240200\/300220\/320230\/350260\/360300\/300300\/400400\/500500\/600 Siegelrand kariert (blau\/gr\u00fcn\/rot)130\/260165\/210165\/250180\/240200\/290210\/260 Schwarz\/durchsichtig mit Druck &#8218;Delikatessaufschnitt&#8216;&#8218;Grillbratwurst&#8216;&#8218;Grillspezialit\u00e4ten&#8216;&#8218;Maultaschen&#8216;&#8218;Sauerbraten&#8216; Vakuumbeutel f\u00fcr Haushaltsger\u00e4te (geriffelt) 150\/300160\/250200\/300250\/350300\/400als Rolle 20 cm breit \/ 6 m lang Zellfilter 60&#215;60 mm60&#215;90 mm 80&#215;120 mm110&#215;170 mm170 x 220 mm<\/p>\n","protected":false},"author":1,"featured_media":0,"parent":0,"menu_order":0,"comment_status":"closed","ping_status":"closed","template":"","meta":{"footnotes":""},"class_list":["post-381","page","type-page","status-publish","hentry"],"jetpack_sharing_enabled":true,"_links":{"self":[{"href":"https:\/\/erzgraeber.de\/index.php?rest_route=\/wp\/v2\/pages\/381"}],"collection":[{"href":"https:\/\/erzgraeber.de\/index.php?rest_route=\/wp\/v2\/pages"}],"about":[{"href":"https:\/\/erzgraeber.de\/index.php?rest_route=\/wp\/v2\/types\/page"}],"author":[{"embeddable":true,"href":"https:\/\/erzgraeber.de\/index.php?rest_route=\/wp\/v2\/users\/1"}],"replies":[{"embeddable":true,"href":"https:\/\/erzgraeber.de\/index.php?rest_route=%2Fwp%2Fv2%2Fcomments&post=381"}],"version-history":[{"count":4,"href":"https:\/\/erzgraeber.de\/index.php?rest_route=\/wp\/v2\/pages\/381\/revisions"}],"predecessor-version":[{"id":974,"href":"https:\/\/erzgraeber.de\/index.php?rest_route=\/wp\/v2\/pages\/381\/revisions\/974"}],"wp:attachment":[{"href":"https:\/\/erzgraeber.de\/index.php?rest_route=%2Fwp%2Fv2%2Fmedia&parent=381"}],"curies":[{"name":"wp","href":"https:\/\/api.w.org\/{rel}","templated":true}]}}