{"id":487,"date":"2020-04-16T13:58:17","date_gmt":"2020-04-16T13:58:17","guid":{"rendered":"https:\/\/erzgraeber.de\/?page_id=487"},"modified":"2020-06-08T13:54:01","modified_gmt":"2020-06-08T13:54:01","slug":"messer","status":"publish","type":"page","link":"https:\/\/erzgraeber.de\/?page_id=487","title":{"rendered":"Messer"},"content":{"rendered":"\n<figure class=\"wp-block-table is-style-stripes\"><table><tbody><tr><td class=\"has-text-align-center\" data-align=\"center\">K\u00fcchenmesser<\/td><\/tr><tr><td class=\"has-text-align-center\" data-align=\"center\">Ausbeinmesser<\/td><\/tr><tr><td class=\"has-text-align-center\" data-align=\"center\">Stechmesser<\/td><\/tr><tr><td class=\"has-text-align-center\" data-align=\"center\">Aufbrechmesser<\/td><\/tr><tr><td class=\"has-text-align-center\" data-align=\"center\">Abh\u00e4utemesser<\/td><\/tr><tr><td class=\"has-text-align-center\" data-align=\"center\">Tranchiermesser<\/td><\/tr><tr><td class=\"has-text-align-center\" data-align=\"center\">Brotmesser<\/td><\/tr><tr><td class=\"has-text-align-center\" data-align=\"center\">Sushimesser<\/td><\/tr><tr><td class=\"has-text-align-center\" data-align=\"center\">Polkmesser<\/td><\/tr><tr><td class=\"has-text-align-center\" data-align=\"center\">Schlachtmesser<\/td><\/tr><tr><td class=\"has-text-align-center\" data-align=\"center\">Wurst- und Schinkenmesser<\/td><\/tr><tr><td class=\"has-text-align-center\" data-align=\"center\">Blockmesser<\/td><\/tr><tr><td class=\"has-text-align-center\" data-align=\"center\">Sortiermesser<\/td><\/tr><tr><td class=\"has-text-align-center\" data-align=\"center\">Filetiermesser<\/td><\/tr><tr><td class=\"has-text-align-center\" data-align=\"center\">Gekr\u00f6semesser<\/td><\/tr><tr><td class=\"has-text-align-center\" data-align=\"center\">Sandwichmesser<\/td><\/tr><tr><td class=\"has-text-align-center\" data-align=\"center\">Kochmesser<\/td><\/tr><tr><td class=\"has-text-align-center\" data-align=\"center\">Zerlegemesser<\/td><\/tr><tr><td class=\"has-text-align-center\" data-align=\"center\">Wiegemesser<\/td><\/tr><tr><td class=\"has-text-align-center\" data-align=\"center\">K\u00e4semesser<\/td><\/tr><tr><td class=\"has-text-align-center\" data-align=\"center\">Gie\u00dfermesser<\/td><\/tr><tr><td class=\"has-text-align-center\" data-align=\"center\">Universalmesser<\/td><\/tr><tr><td class=\"has-text-align-center\" data-align=\"center\">Gem\u00fcsemesser<\/td><\/tr><tr><td class=\"has-text-align-center\" data-align=\"center\">Konditormesser<\/td><\/tr><tr><td class=\"has-text-align-center\" data-align=\"center\">Tomatenmesser<\/td><\/tr><tr><td class=\"has-text-align-center\" data-align=\"center\">Lammabh\u00e4uter<\/td><\/tr><tr><td class=\"has-text-align-center\" data-align=\"center\">Messersets 3-teilig \/ 6-teilig<\/td><\/tr><\/tbody><\/table><\/figure>\n\n\n\n<p>Jedes Messer ist von den Marken Dick, Victorinox und Swibo verf\u00fcgbar. Je nach Gr\u00f6\u00dfe gibt es folgende Varianten:<br>Starr, flexibel, halbflexibel, gerade, gebogen<br>F\u00fcr mehr Informationen k\u00f6nnen Sie gern anrufen \ud83d\ude42<\/p>\n","protected":false},"excerpt":{"rendered":"<p>K\u00fcchenmesser Ausbeinmesser Stechmesser Aufbrechmesser Abh\u00e4utemesser Tranchiermesser Brotmesser Sushimesser Polkmesser Schlachtmesser Wurst- und Schinkenmesser Blockmesser Sortiermesser Filetiermesser Gekr\u00f6semesser Sandwichmesser Kochmesser Zerlegemesser Wiegemesser K\u00e4semesser Gie\u00dfermesser Universalmesser Gem\u00fcsemesser Konditormesser Tomatenmesser Lammabh\u00e4uter Messersets 3-teilig \/ 6-teilig Jedes Messer ist von den Marken Dick, Victorinox und Swibo verf\u00fcgbar. Je nach Gr\u00f6\u00dfe gibt es folgende Varianten:Starr, flexibel, halbflexibel, gerade, gebogenF\u00fcr mehr [&hellip;]<\/p>\n","protected":false},"author":1,"featured_media":0,"parent":0,"menu_order":0,"comment_status":"closed","ping_status":"closed","template":"","meta":{"footnotes":""},"class_list":["post-487","page","type-page","status-publish","hentry"],"jetpack_sharing_enabled":true,"_links":{"self":[{"href":"https:\/\/erzgraeber.de\/index.php?rest_route=\/wp\/v2\/pages\/487"}],"collection":[{"href":"https:\/\/erzgraeber.de\/index.php?rest_route=\/wp\/v2\/pages"}],"about":[{"href":"https:\/\/erzgraeber.de\/index.php?rest_route=\/wp\/v2\/types\/page"}],"author":[{"embeddable":true,"href":"https:\/\/erzgraeber.de\/index.php?rest_route=\/wp\/v2\/users\/1"}],"replies":[{"embeddable":true,"href":"https:\/\/erzgraeber.de\/index.php?rest_route=%2Fwp%2Fv2%2Fcomments&post=487"}],"version-history":[{"count":4,"href":"https:\/\/erzgraeber.de\/index.php?rest_route=\/wp\/v2\/pages\/487\/revisions"}],"predecessor-version":[{"id":1019,"href":"https:\/\/erzgraeber.de\/index.php?rest_route=\/wp\/v2\/pages\/487\/revisions\/1019"}],"wp:attachment":[{"href":"https:\/\/erzgraeber.de\/index.php?rest_route=%2Fwp%2Fv2%2Fmedia&parent=487"}],"curies":[{"name":"wp","href":"https:\/\/api.w.org\/{rel}","templated":true}]}}