{"id":515,"date":"2020-04-16T14:19:09","date_gmt":"2020-04-16T14:19:09","guid":{"rendered":"https:\/\/erzgraeber.de\/?page_id=515"},"modified":"2020-05-07T12:52:35","modified_gmt":"2020-05-07T12:52:35","slug":"daerme","status":"publish","type":"page","link":"https:\/\/erzgraeber.de\/?page_id=515","title":{"rendered":"D\u00e4rme"},"content":{"rendered":"\n<p>Wir haben f\u00fcr Sie D\u00e4rme aller Art auf Lager. Ob Kunstd\u00e4rme, Natur- oder Stoffd\u00e4rme &#8211; bei uns finden Sie alles, was Sie brauchen.<br>Unsere D\u00e4rme beziehen wir unter anderem von Hukki, Budenheimer, Kalle, Rapsd\u00e4rme, Oskuda, Walsroder und Viscofan.<br>Bei uns gibt es laut unz\u00e4hligen Kunden- und Vertretermeinungen eines der umfangreichsten Darm-Sortimente Deutschlands, welches wir f\u00fcr Sie garantiert immer auf Lager haben.<\/p>\n\n\n\n<div class=\"wp-block-cover has-white-background-color has-background-dim\" style=\"background-image:url(https:\/\/erzgraeber.de\/wp-content\/uploads\/2020\/04\/natur.png);background-position:51% 34%;min-height:156px;aspect-ratio:unset;\"><div class=\"wp-block-cover__inner-container is-layout-flow wp-block-cover-is-layout-flow\">\n<p style=\"font-size:28px\" class=\"has-text-color has-text-align-center has-black-color\"><a href=\"https:\/\/erzgraeber.de\/?page_id=364\">Naturd\u00e4rme<\/a><\/p>\n<\/div><\/div>\n\n\n\n<div style=\"height:40px\" aria-hidden=\"true\" class=\"wp-block-spacer\"><\/div>\n\n\n\n<div class=\"wp-block-cover has-white-background-color has-background-dim\" style=\"background-image:url(https:\/\/erzgraeber.de\/wp-content\/uploads\/2020\/04\/Kunstdarm-Gelbwurst-Abschnitte-lang-1.png);background-position:50% 35%;min-height:156px;aspect-ratio:unset;\"><div class=\"wp-block-cover__inner-container is-layout-flow wp-block-cover-is-layout-flow\">\n<p style=\"font-size:28px\" class=\"has-text-color has-text-align-center has-black-color\"><a href=\"https:\/\/erzgraeber.de\/?page_id=365\">Kunstd\u00e4rme<\/a><\/p>\n<\/div><\/div>\n\n\n\n<div style=\"height:40px\" aria-hidden=\"true\" class=\"wp-block-spacer\"><\/div>\n\n\n\n<div class=\"wp-block-cover has-white-background-color has-background-dim\" style=\"background-image:url(https:\/\/erzgraeber.de\/wp-content\/uploads\/2020\/04\/stoff.png);min-height:156px;aspect-ratio:unset;\"><div class=\"wp-block-cover__inner-container is-layout-flow wp-block-cover-is-layout-flow\">\n<p style=\"font-size:28px\" class=\"has-text-color has-text-align-center has-black-color\"><a href=\"https:\/\/erzgraeber.de\/?page_id=366\">Stoffd\u00e4rme<\/a><\/p>\n<\/div><\/div>\n\n\n\n<div style=\"height:40px\" aria-hidden=\"true\" class=\"wp-block-spacer\"><\/div>\n\n\n\n<figure class=\"wp-block-image size-thumbnail is-style-default\"><a href=\"https:\/\/kalle.de\/de\/\"><img loading=\"lazy\" decoding=\"async\" width=\"150\" height=\"150\" src=\"https:\/\/erzgraeber.de\/wp-content\/uploads\/2020\/04\/kalle-logo-3-150x150.png\" alt=\"\" class=\"wp-image-789\" srcset=\"https:\/\/erzgraeber.de\/wp-content\/uploads\/2020\/04\/kalle-logo-3-150x150.png 150w, https:\/\/erzgraeber.de\/wp-content\/uploads\/2020\/04\/kalle-logo-3-144x144.png 144w, https:\/\/erzgraeber.de\/wp-content\/uploads\/2020\/04\/kalle-logo-3.png 225w\" sizes=\"(max-width: 150px) 100vw, 150px\" \/><\/a><\/figure>\n\n\n\n<figure class=\"wp-block-image size-medium is-style-default\"><a href=\"http:\/\/www.budenheimer.com\/\"><img loading=\"lazy\" decoding=\"async\" width=\"300\" height=\"60\" src=\"https:\/\/erzgraeber.de\/wp-content\/uploads\/2020\/04\/logo-buden-4-300x60.png\" alt=\"\" class=\"wp-image-790\" srcset=\"https:\/\/erzgraeber.de\/wp-content\/uploads\/2020\/04\/logo-buden-4-300x60.png 300w, https:\/\/erzgraeber.de\/wp-content\/uploads\/2020\/04\/logo-buden-4-768x155.png 768w, https:\/\/erzgraeber.de\/wp-content\/uploads\/2020\/04\/logo-buden-4.png 800w\" sizes=\"(max-width: 300px) 100vw, 300px\" \/><\/a><\/figure>\n\n\n\n<figure class=\"wp-block-image size-large is-style-default\"><a href=\"http:\/\/www.hukki.de\/\"><img loading=\"lazy\" decoding=\"async\" width=\"100\" height=\"100\" src=\"https:\/\/erzgraeber.de\/wp-content\/uploads\/2020\/04\/logo-hukki-3.png\" alt=\"\" class=\"wp-image-791\"\/><\/a><\/figure>\n\n\n\n<figure class=\"wp-block-image size-medium is-style-default\"><a href=\"https:\/\/oskutex.kallegroup.com\/\"><img loading=\"lazy\" decoding=\"async\" width=\"300\" height=\"75\" src=\"https:\/\/erzgraeber.de\/wp-content\/uploads\/2020\/04\/logo-osku-1-300x75.png\" alt=\"\" class=\"wp-image-792\" srcset=\"https:\/\/erzgraeber.de\/wp-content\/uploads\/2020\/04\/logo-osku-1-300x75.png 300w, https:\/\/erzgraeber.de\/wp-content\/uploads\/2020\/04\/logo-osku-1.png 450w\" sizes=\"(max-width: 300px) 100vw, 300px\" \/><\/a><\/figure>\n\n\n\n<figure class=\"wp-block-image size-large is-style-default\"><a href=\"https:\/\/www.raps.at\/de\/kunststoff-wursthuellen-im-individuellen-design-und-hoechster-qualitaet-fuers-fleischerhandwerk\/\"><img loading=\"lazy\" decoding=\"async\" width=\"62\" height=\"80\" src=\"https:\/\/erzgraeber.de\/wp-content\/uploads\/2020\/04\/logo-raps-1.png\" alt=\"\" class=\"wp-image-793\"\/><\/a><\/figure>\n\n\n\n<figure class=\"wp-block-image size-medium is-style-default\"><a href=\"https:\/\/www.viskase.com\/de\/\"><img loading=\"lazy\" decoding=\"async\" width=\"300\" height=\"118\" src=\"https:\/\/erzgraeber.de\/wp-content\/uploads\/2020\/04\/logo-walsroder-viskase-3-300x118.png\" alt=\"\" class=\"wp-image-794\" srcset=\"https:\/\/erzgraeber.de\/wp-content\/uploads\/2020\/04\/logo-walsroder-viskase-3-300x118.png 300w, https:\/\/erzgraeber.de\/wp-content\/uploads\/2020\/04\/logo-walsroder-viskase-3.png 357w\" sizes=\"(max-width: 300px) 100vw, 300px\" \/><\/a><\/figure>\n\n\n\n<figure class=\"wp-block-image size-large is-style-default\"><a href=\"http:\/\/www.viscofan.com\/de-de\/\"><img loading=\"lazy\" decoding=\"async\" width=\"150\" height=\"65\" src=\"https:\/\/erzgraeber.de\/wp-content\/uploads\/2020\/04\/Viscofan_The_casing_company_logo-2.gif\" alt=\"\" class=\"wp-image-795\"\/><\/a><\/figure>\n","protected":false},"excerpt":{"rendered":"<p>Wir haben f\u00fcr Sie D\u00e4rme aller Art auf Lager. Ob Kunstd\u00e4rme, Natur- oder Stoffd\u00e4rme &#8211; bei uns finden Sie alles, was Sie brauchen.Unsere D\u00e4rme beziehen wir unter anderem von Hukki, Budenheimer, Kalle, Rapsd\u00e4rme, Oskuda, Walsroder und Viscofan.Bei uns gibt es laut unz\u00e4hligen Kunden- und Vertretermeinungen eines der umfangreichsten Darm-Sortimente Deutschlands, welches wir f\u00fcr Sie garantiert [&hellip;]<\/p>\n","protected":false},"author":1,"featured_media":0,"parent":0,"menu_order":0,"comment_status":"closed","ping_status":"closed","template":"","meta":{"footnotes":""},"class_list":["post-515","page","type-page","status-publish","hentry"],"jetpack_sharing_enabled":true,"_links":{"self":[{"href":"https:\/\/erzgraeber.de\/index.php?rest_route=\/wp\/v2\/pages\/515"}],"collection":[{"href":"https:\/\/erzgraeber.de\/index.php?rest_route=\/wp\/v2\/pages"}],"about":[{"href":"https:\/\/erzgraeber.de\/index.php?rest_route=\/wp\/v2\/types\/page"}],"author":[{"embeddable":true,"href":"https:\/\/erzgraeber.de\/index.php?rest_route=\/wp\/v2\/users\/1"}],"replies":[{"embeddable":true,"href":"https:\/\/erzgraeber.de\/index.php?rest_route=%2Fwp%2Fv2%2Fcomments&post=515"}],"version-history":[{"count":8,"href":"https:\/\/erzgraeber.de\/index.php?rest_route=\/wp\/v2\/pages\/515\/revisions"}],"predecessor-version":[{"id":936,"href":"https:\/\/erzgraeber.de\/index.php?rest_route=\/wp\/v2\/pages\/515\/revisions\/936"}],"wp:attachment":[{"href":"https:\/\/erzgraeber.de\/index.php?rest_route=%2Fwp%2Fv2%2Fmedia&parent=515"}],"curies":[{"name":"wp","href":"https:\/\/api.w.org\/{rel}","templated":true}]}}