{"id":544,"date":"2020-04-16T15:18:37","date_gmt":"2020-04-16T15:18:37","guid":{"rendered":"https:\/\/erzgraeber.de\/?page_id=544"},"modified":"2022-02-18T12:39:33","modified_gmt":"2022-02-18T12:39:33","slug":"start","status":"publish","type":"page","link":"https:\/\/erzgraeber.de\/","title":{"rendered":"Willkommen!"},"content":{"rendered":"\n<p class=\"has-text-align-center has-medium-font-size\">Wir begr\u00fc\u00dfen Sie herzlich beim Metzgerei- und Gastronomiebedarf Erzgr\u00e4ber aus Ro\u00dfdorf.<br><br>Auf dieser Website finden Sie einen kleinen Auszug aus unserem umfangreichen Sortiment.<\/p>\n\n\n\n<p class=\"has-text-align-center has-medium-font-size\"><br><strong>\u00d6ffnungszeiten:<\/strong><br>Mo &#8211; Do: 09:00 Uhr bis 17:00 Uhr<br>Freitag: 09:00 Uhr bis 15:00 Uhr<br>Samstags, Sonntags und an Feiertagen geschlossen  <br><br>Telefon: 06154 \/ 81305<br>Fax: 06154 \/ 8771<\/p>\n\n\n\n<p><\/p>\n\n\n\n<p><\/p>\n","protected":false},"excerpt":{"rendered":"<p>Wir begr\u00fc\u00dfen Sie herzlich beim Metzgerei- und Gastronomiebedarf Erzgr\u00e4ber aus Ro\u00dfdorf. Auf dieser Website finden Sie einen kleinen Auszug aus unserem umfangreichen Sortiment. \u00d6ffnungszeiten:Mo &#8211; Do: 09:00 Uhr bis 17:00 UhrFreitag: 09:00 Uhr bis 15:00 UhrSamstags, Sonntags und an Feiertagen geschlossen Telefon: 06154 \/ 81305Fax: 06154 \/ 8771<\/p>\n","protected":false},"author":1,"featured_media":0,"parent":0,"menu_order":0,"comment_status":"closed","ping_status":"closed","template":"page-templates\/full-width.php","meta":{"footnotes":""},"class_list":["post-544","page","type-page","status-publish","hentry"],"jetpack_sharing_enabled":true,"_links":{"self":[{"href":"https:\/\/erzgraeber.de\/index.php?rest_route=\/wp\/v2\/pages\/544"}],"collection":[{"href":"https:\/\/erzgraeber.de\/index.php?rest_route=\/wp\/v2\/pages"}],"about":[{"href":"https:\/\/erzgraeber.de\/index.php?rest_route=\/wp\/v2\/types\/page"}],"author":[{"embeddable":true,"href":"https:\/\/erzgraeber.de\/index.php?rest_route=\/wp\/v2\/users\/1"}],"replies":[{"embeddable":true,"href":"https:\/\/erzgraeber.de\/index.php?rest_route=%2Fwp%2Fv2%2Fcomments&post=544"}],"version-history":[{"count":44,"href":"https:\/\/erzgraeber.de\/index.php?rest_route=\/wp\/v2\/pages\/544\/revisions"}],"predecessor-version":[{"id":1943,"href":"https:\/\/erzgraeber.de\/index.php?rest_route=\/wp\/v2\/pages\/544\/revisions\/1943"}],"wp:attachment":[{"href":"https:\/\/erzgraeber.de\/index.php?rest_route=%2Fwp%2Fv2%2Fmedia&parent=544"}],"curies":[{"name":"wp","href":"https:\/\/api.w.org\/{rel}","templated":true}]}}