{"id":597,"date":"2020-04-17T13:47:53","date_gmt":"2020-04-17T13:47:53","guid":{"rendered":"https:\/\/erzgraeber.de\/?page_id=597"},"modified":"2021-09-16T23:21:04","modified_gmt":"2021-09-16T23:21:04","slug":"sitzkissen","status":"publish","type":"page","link":"https:\/\/erzgraeber.de\/?page_id=597","title":{"rendered":"Sitzkissen"},"content":{"rendered":"\n<div style=\"height:15px\" aria-hidden=\"true\" class=\"wp-block-spacer\"><\/div>\n\n\n\n<p style=\"font-size:19px\">Jede Sitzgelegenheit wird durch unsere Sitzauflagen aus Lammfell veredelt. Die Auflagen sind ca. 44 x 44mm gro\u00df und die Haarl\u00e4nge betr\u00e4gt ca. 7 cm. Hier sehen Sie drei der vielen verf\u00fcgbaren Farben!<br>Auf der Webseite von <a rel=\"noreferrer noopener\" href=\"https:\/\/heitmann-felle.de\/de\/produkte\/quadratische_sitzauflagen.php\" target=\"_blank\">Heitmann Felle<\/a> k\u00f6nnen Sie sich einen \u00dcberblick \u00fcber die verschiedenen Farben verschaffen und uns gerne kontaktieren, wenn Ihr Interesse geweckt wurde.<\/p>\n\n\n\n<div class=\"wp-block-columns is-layout-flex wp-container-core-columns-is-layout-1 wp-block-columns-is-layout-flex\">\n<div class=\"wp-block-column is-layout-flow wp-block-column-is-layout-flow\">\n<figure class=\"wp-block-image size-large\"><a href=\"https:\/\/erzgraeber.de\/wp-content\/uploads\/2021\/09\/sitzkissen_weiss-1-scaled.jpg\"><img loading=\"lazy\" decoding=\"async\" width=\"2000\" height=\"2000\" src=\"https:\/\/erzgraeber.de\/wp-content\/uploads\/2021\/09\/sitzkissen_weiss-1-2000x2000.jpg\" alt=\"\" class=\"wp-image-1596\" srcset=\"https:\/\/erzgraeber.de\/wp-content\/uploads\/2021\/09\/sitzkissen_weiss-1-2000x2000.jpg 2000w, https:\/\/erzgraeber.de\/wp-content\/uploads\/2021\/09\/sitzkissen_weiss-1-300x300.jpg 300w, https:\/\/erzgraeber.de\/wp-content\/uploads\/2021\/09\/sitzkissen_weiss-1-768x768.jpg 768w, https:\/\/erzgraeber.de\/wp-content\/uploads\/2021\/09\/sitzkissen_weiss-1-1536x1536.jpg 1536w, https:\/\/erzgraeber.de\/wp-content\/uploads\/2021\/09\/sitzkissen_weiss-1-2048x2048.jpg 2048w, https:\/\/erzgraeber.de\/wp-content\/uploads\/2021\/09\/sitzkissen_weiss-1-144x144.jpg 144w\" sizes=\"(max-width: 2000px) 100vw, 2000px\" \/><\/a><\/figure>\n\n\n\n<p class=\"has-text-align-center\">wei\u00df<\/p>\n<\/div>\n\n\n\n<div class=\"wp-block-column is-layout-flow wp-block-column-is-layout-flow\">\n<figure class=\"wp-block-image size-large\"><a href=\"https:\/\/erzgraeber.de\/wp-content\/uploads\/2021\/09\/sitzkissen_anthrazit-2-scaled.jpg\"><img loading=\"lazy\" decoding=\"async\" width=\"2000\" height=\"2000\" src=\"https:\/\/erzgraeber.de\/wp-content\/uploads\/2021\/09\/sitzkissen_anthrazit-2-2000x2000.jpg\" alt=\"\" class=\"wp-image-1599\" srcset=\"https:\/\/erzgraeber.de\/wp-content\/uploads\/2021\/09\/sitzkissen_anthrazit-2-2000x2000.jpg 2000w, https:\/\/erzgraeber.de\/wp-content\/uploads\/2021\/09\/sitzkissen_anthrazit-2-300x300.jpg 300w, https:\/\/erzgraeber.de\/wp-content\/uploads\/2021\/09\/sitzkissen_anthrazit-2-768x768.jpg 768w, https:\/\/erzgraeber.de\/wp-content\/uploads\/2021\/09\/sitzkissen_anthrazit-2-1536x1536.jpg 1536w, https:\/\/erzgraeber.de\/wp-content\/uploads\/2021\/09\/sitzkissen_anthrazit-2-2048x2048.jpg 2048w, https:\/\/erzgraeber.de\/wp-content\/uploads\/2021\/09\/sitzkissen_anthrazit-2-144x144.jpg 144w\" sizes=\"(max-width: 2000px) 100vw, 2000px\" \/><\/a><\/figure>\n\n\n\n<p class=\"has-text-align-center\">anthrazit<\/p>\n<\/div>\n\n\n\n<div class=\"wp-block-column is-layout-flow wp-block-column-is-layout-flow\">\n<figure class=\"wp-block-image size-large\"><a href=\"https:\/\/erzgraeber.de\/wp-content\/uploads\/2021\/09\/sitzkissen_waldbeere-1-scaled.jpg\"><img loading=\"lazy\" decoding=\"async\" width=\"2000\" height=\"2000\" src=\"https:\/\/erzgraeber.de\/wp-content\/uploads\/2021\/09\/sitzkissen_waldbeere-1-2000x2000.jpg\" alt=\"\" class=\"wp-image-1594\" srcset=\"https:\/\/erzgraeber.de\/wp-content\/uploads\/2021\/09\/sitzkissen_waldbeere-1-2000x2000.jpg 2000w, https:\/\/erzgraeber.de\/wp-content\/uploads\/2021\/09\/sitzkissen_waldbeere-1-300x300.jpg 300w, https:\/\/erzgraeber.de\/wp-content\/uploads\/2021\/09\/sitzkissen_waldbeere-1-768x768.jpg 768w, https:\/\/erzgraeber.de\/wp-content\/uploads\/2021\/09\/sitzkissen_waldbeere-1-1536x1536.jpg 1536w, https:\/\/erzgraeber.de\/wp-content\/uploads\/2021\/09\/sitzkissen_waldbeere-1-2048x2048.jpg 2048w, https:\/\/erzgraeber.de\/wp-content\/uploads\/2021\/09\/sitzkissen_waldbeere-1-144x144.jpg 144w\" sizes=\"(max-width: 2000px) 100vw, 2000px\" \/><\/a><\/figure>\n\n\n\n<p class=\"has-text-align-center\">waldbeere<\/p>\n<\/div>\n<\/div>\n","protected":false},"excerpt":{"rendered":"<p>Jede Sitzgelegenheit wird durch unsere Sitzauflagen aus Lammfell veredelt. Die Auflagen sind ca. 44 x 44mm gro\u00df und die Haarl\u00e4nge betr\u00e4gt ca. 7 cm. Hier sehen Sie drei der vielen verf\u00fcgbaren Farben!Auf der Webseite von Heitmann Felle k\u00f6nnen Sie sich einen \u00dcberblick \u00fcber die verschiedenen Farben verschaffen und uns gerne kontaktieren, wenn Ihr Interesse geweckt [&hellip;]<\/p>\n","protected":false},"author":1,"featured_media":0,"parent":0,"menu_order":0,"comment_status":"closed","ping_status":"closed","template":"","meta":{"footnotes":""},"class_list":["post-597","page","type-page","status-publish","hentry"],"jetpack_sharing_enabled":true,"_links":{"self":[{"href":"https:\/\/erzgraeber.de\/index.php?rest_route=\/wp\/v2\/pages\/597"}],"collection":[{"href":"https:\/\/erzgraeber.de\/index.php?rest_route=\/wp\/v2\/pages"}],"about":[{"href":"https:\/\/erzgraeber.de\/index.php?rest_route=\/wp\/v2\/types\/page"}],"author":[{"embeddable":true,"href":"https:\/\/erzgraeber.de\/index.php?rest_route=\/wp\/v2\/users\/1"}],"replies":[{"embeddable":true,"href":"https:\/\/erzgraeber.de\/index.php?rest_route=%2Fwp%2Fv2%2Fcomments&post=597"}],"version-history":[{"count":14,"href":"https:\/\/erzgraeber.de\/index.php?rest_route=\/wp\/v2\/pages\/597\/revisions"}],"predecessor-version":[{"id":1659,"href":"https:\/\/erzgraeber.de\/index.php?rest_route=\/wp\/v2\/pages\/597\/revisions\/1659"}],"wp:attachment":[{"href":"https:\/\/erzgraeber.de\/index.php?rest_route=%2Fwp%2Fv2%2Fmedia&parent=597"}],"curies":[{"name":"wp","href":"https:\/\/api.w.org\/{rel}","templated":true}]}}