{"id":720,"date":"2020-04-20T10:17:25","date_gmt":"2020-04-20T10:17:25","guid":{"rendered":"https:\/\/erzgraeber.de\/?page_id=720"},"modified":"2021-09-17T13:02:40","modified_gmt":"2021-09-17T13:02:40","slug":"exoten","status":"publish","type":"page","link":"https:\/\/erzgraeber.de\/?page_id=720","title":{"rendered":"Sonstige Fellprodukte"},"content":{"rendered":"\n<div style=\"height:30px\" aria-hidden=\"true\" class=\"wp-block-spacer\"><\/div>\n\n\n\n<p style=\"font-size:19px\">Wir f\u00fchren ebenfalls einige besondere Fellprodukte, die wir Ihnen hier zusammenstellen. Viel Spa\u00df beim St\u00f6bern!<\/p>\n\n\n\n<div style=\"height:30px\" aria-hidden=\"true\" class=\"wp-block-spacer\"><\/div>\n\n\n\n<h2 class=\"wp-block-heading\">Autofelle<\/h2>\n\n\n\n<div class=\"wp-block-media-text alignwide\" style=\"grid-template-columns:37% auto\"><figure class=\"wp-block-media-text__media\"><a href=\"https:\/\/erzgraeber.de\/wp-content\/uploads\/2020\/04\/autofell-trans-2.png\"><img loading=\"lazy\" decoding=\"async\" width=\"623\" height=\"625\" src=\"https:\/\/erzgraeber.de\/wp-content\/uploads\/2020\/04\/autofell-trans-2.png\" alt=\"\" class=\"wp-image-659 size-full\" srcset=\"https:\/\/erzgraeber.de\/wp-content\/uploads\/2020\/04\/autofell-trans-2.png 623w, https:\/\/erzgraeber.de\/wp-content\/uploads\/2020\/04\/autofell-trans-2-300x300.png 300w, https:\/\/erzgraeber.de\/wp-content\/uploads\/2020\/04\/autofell-trans-2-150x150.png 150w, https:\/\/erzgraeber.de\/wp-content\/uploads\/2020\/04\/autofell-trans-2-144x144.png 144w\" sizes=\"(max-width: 623px) 100vw, 623px\" \/><\/a><\/figure><div class=\"wp-block-media-text__content\">\n<p style=\"font-size:19px\">Schm\u00fccken Sie Ihr Auto mit unseren sch\u00f6nen und praktischen Autositzfellen! Der \u00dcberzug ist in anthrazit, beige und silber verf\u00fcgbar, die den Farben auf unseren anderen Produktseiten \u00e4hneln. Andernfalls k\u00f6nnen Sie sich&nbsp;<a href=\"https:\/\/heitmann-felle.de\/de\/produkte\/autositzfelle.php\">hier<\/a>&nbsp;ein Bild von den anderen Farben sowie der R\u00fcckseite machen.<br>Die Felle sind f\u00fcr Autos mit Seitenairbags geeignet und auch auf Sesseln als \u00dcberzug anwendbar.<\/p>\n<\/div><\/div>\n\n\n\n<div style=\"height:30px\" aria-hidden=\"true\" class=\"wp-block-spacer\"><\/div>\n\n\n\n<hr class=\"wp-block-separator has-text-color has-background\" style=\"background-color:#c9cfd1;color:#c9cfd1\"\/>\n\n\n\n<h2 class=\"wp-block-heading\">Exoten<\/h2>\n\n\n\n<div style=\"height:15px\" aria-hidden=\"true\" class=\"wp-block-spacer\"><\/div>\n\n\n\n<h3 class=\"wp-block-heading\" style=\"font-size:24px\">Tibetlammfelle<\/h3>\n\n\n\n<p style=\"font-size:19px\">Tibetfell stammt von L\u00e4mmern des jungen Shanghai-Mufflons. Es zeichnet sich durch seine naturtypisch sehr feine und weiche, lange lockige Struktur aus. <br>Diese Felle und Kissen ziehen die Aufmerksamkeit auf sich!<br>Weitere Farben des Fells finden Sie <a rel=\"noreferrer noopener\" href=\"https:\/\/heitmann-felle.de\/de\/produkte\/tibetlammfelle.php\" target=\"_blank\">hier<\/a>.<\/p>\n\n\n\n<div class=\"wp-block-columns is-layout-flex wp-container-core-columns-is-layout-1 wp-block-columns-is-layout-flex\">\n<div class=\"wp-block-column is-layout-flow wp-block-column-is-layout-flow\">\n<figure class=\"wp-block-image size-large\"><a href=\"https:\/\/erzgraeber.de\/wp-content\/uploads\/2021\/09\/tibetfell_grau-1.jpg\"><img loading=\"lazy\" decoding=\"async\" width=\"2000\" height=\"2000\" src=\"https:\/\/erzgraeber.de\/wp-content\/uploads\/2021\/09\/tibetfell_grau-1-2000x2000.jpg\" alt=\"\" class=\"wp-image-1618\" srcset=\"https:\/\/erzgraeber.de\/wp-content\/uploads\/2021\/09\/tibetfell_grau-1-2000x2000.jpg 2000w, https:\/\/erzgraeber.de\/wp-content\/uploads\/2021\/09\/tibetfell_grau-1-300x300.jpg 300w, https:\/\/erzgraeber.de\/wp-content\/uploads\/2021\/09\/tibetfell_grau-1-768x768.jpg 768w, https:\/\/erzgraeber.de\/wp-content\/uploads\/2021\/09\/tibetfell_grau-1-1536x1536.jpg 1536w, https:\/\/erzgraeber.de\/wp-content\/uploads\/2021\/09\/tibetfell_grau-1-2048x2048.jpg 2048w, https:\/\/erzgraeber.de\/wp-content\/uploads\/2021\/09\/tibetfell_grau-1-144x144.jpg 144w\" sizes=\"(max-width: 2000px) 100vw, 2000px\" \/><\/a><\/figure>\n\n\n\n<p class=\"has-text-align-center\">Tibetlammfell in grau<\/p>\n<\/div>\n\n\n\n<div class=\"wp-block-column is-layout-flow wp-block-column-is-layout-flow\">\n<figure class=\"wp-block-image size-large\"><a href=\"https:\/\/erzgraeber.de\/wp-content\/uploads\/2021\/09\/tibetfell_kissen-1-scaled.jpg\"><img loading=\"lazy\" decoding=\"async\" width=\"2000\" height=\"2000\" src=\"https:\/\/erzgraeber.de\/wp-content\/uploads\/2021\/09\/tibetfell_kissen-1-2000x2000.jpg\" alt=\"\" class=\"wp-image-1619\" srcset=\"https:\/\/erzgraeber.de\/wp-content\/uploads\/2021\/09\/tibetfell_kissen-1-2000x2000.jpg 2000w, https:\/\/erzgraeber.de\/wp-content\/uploads\/2021\/09\/tibetfell_kissen-1-300x300.jpg 300w, https:\/\/erzgraeber.de\/wp-content\/uploads\/2021\/09\/tibetfell_kissen-1-768x768.jpg 768w, https:\/\/erzgraeber.de\/wp-content\/uploads\/2021\/09\/tibetfell_kissen-1-1536x1536.jpg 1536w, https:\/\/erzgraeber.de\/wp-content\/uploads\/2021\/09\/tibetfell_kissen-1-2048x2048.jpg 2048w, https:\/\/erzgraeber.de\/wp-content\/uploads\/2021\/09\/tibetfell_kissen-1-144x144.jpg 144w\" sizes=\"(max-width: 2000px) 100vw, 2000px\" \/><\/a><\/figure>\n\n\n\n<p class=\"has-text-align-center\">Tibetlammfell-Kissen in naturwei\u00df<\/p>\n<\/div>\n<\/div>\n\n\n\n<h3 class=\"wp-block-heading\" style=\"font-size:24px\">Nordlandschnucke<\/h3>\n\n\n\n<div class=\"wp-block-columns is-layout-flex wp-container-core-columns-is-layout-2 wp-block-columns-is-layout-flex\">\n<div class=\"wp-block-column is-layout-flow wp-block-column-is-layout-flow\">\n<div class=\"wp-block-media-text alignwide is-stacked-on-mobile\" style=\"grid-template-columns:42% auto\"><figure class=\"wp-block-media-text__media\"><a href=\"https:\/\/erzgraeber.de\/wp-content\/uploads\/2021\/09\/nordlandschnucke.jpg\"><img loading=\"lazy\" decoding=\"async\" width=\"2000\" height=\"2000\" src=\"https:\/\/erzgraeber.de\/wp-content\/uploads\/2021\/09\/nordlandschnucke-2000x2000.jpg\" alt=\"\" class=\"wp-image-1644 size-full\" srcset=\"https:\/\/erzgraeber.de\/wp-content\/uploads\/2021\/09\/nordlandschnucke-2000x2000.jpg 2000w, https:\/\/erzgraeber.de\/wp-content\/uploads\/2021\/09\/nordlandschnucke-300x300.jpg 300w, https:\/\/erzgraeber.de\/wp-content\/uploads\/2021\/09\/nordlandschnucke-768x768.jpg 768w, https:\/\/erzgraeber.de\/wp-content\/uploads\/2021\/09\/nordlandschnucke-1536x1536.jpg 1536w, https:\/\/erzgraeber.de\/wp-content\/uploads\/2021\/09\/nordlandschnucke-2048x2048.jpg 2048w, https:\/\/erzgraeber.de\/wp-content\/uploads\/2021\/09\/nordlandschnucke-144x144.jpg 144w\" sizes=\"(max-width: 2000px) 100vw, 2000px\" \/><\/a><\/figure><div class=\"wp-block-media-text__content\">\n<p style=\"font-size:19px\">Das Nordlandschnuckenfell weist eine Haarl\u00e4nge von ca. 15 cm auf und schm\u00fcckt jedes M\u00f6belst\u00fcck mit seinen naturbelassenen Farben mit gebleichten Highlights. Weitere Farbkombinationen k\u00f6nnen Sie sich <a href=\"https:\/\/heitmann-felle.de\/de\/produkte\/nordlandschnuckenfelle.php\" target=\"_blank\" rel=\"noreferrer noopener\">hier<\/a> ansehen.<\/p>\n<\/div><\/div>\n<\/div>\n<\/div>\n\n\n\n<div style=\"height:15px\" aria-hidden=\"true\" class=\"wp-block-spacer\"><\/div>\n\n\n\n<hr class=\"wp-block-separator has-text-color has-background\" style=\"background-color:#c1cace;color:#c1cace\"\/>\n\n\n\n<div style=\"height:15px\" aria-hidden=\"true\" class=\"wp-block-spacer\"><\/div>\n\n\n\n<h3 class=\"wp-block-heading\" style=\"font-size:24px\">Medizinische Felle<\/h3>\n\n\n\n<p style=\"font-size:19px\">Diese medizinischen Felle wurden mit dem Gerbstoff Regulan gegerbt. Diese Felle haben sich f\u00fcr Anwendungen im medizinischen Bereich etabliert. Die Eigenfarbe des synthetischen Regulan gibt den Fellen die typische gold-beige Farbe. <br>Die Haarl\u00e4nge betr\u00e4gt ca. 30 mm und verh\u00e4lt sich temperaturausgleichend: Im Winter ist es kuschelig warm und in den warmen Monaten ist es angenehm k\u00fchl.<\/p>\n\n\n\n<div class=\"wp-block-columns is-layout-flex wp-container-core-columns-is-layout-3 wp-block-columns-is-layout-flex\">\n<div class=\"wp-block-column is-layout-flow wp-block-column-is-layout-flow\">\n<figure class=\"wp-block-image size-large\"><img loading=\"lazy\" decoding=\"async\" width=\"2000\" height=\"2000\" src=\"https:\/\/erzgraeber.de\/wp-content\/uploads\/2021\/09\/medizinisch_gross-2000x2000.jpeg\" alt=\"\" class=\"wp-image-1668\" srcset=\"https:\/\/erzgraeber.de\/wp-content\/uploads\/2021\/09\/medizinisch_gross-2000x2000.jpeg 2000w, https:\/\/erzgraeber.de\/wp-content\/uploads\/2021\/09\/medizinisch_gross-300x300.jpeg 300w, https:\/\/erzgraeber.de\/wp-content\/uploads\/2021\/09\/medizinisch_gross-768x768.jpeg 768w, https:\/\/erzgraeber.de\/wp-content\/uploads\/2021\/09\/medizinisch_gross-1536x1536.jpeg 1536w, https:\/\/erzgraeber.de\/wp-content\/uploads\/2021\/09\/medizinisch_gross-2048x2048.jpeg 2048w, https:\/\/erzgraeber.de\/wp-content\/uploads\/2021\/09\/medizinisch_gross-144x144.jpeg 144w\" sizes=\"(max-width: 2000px) 100vw, 2000px\" \/><\/figure>\n\n\n\n<p class=\"has-text-align-center\">Medizinisches Lammfell<\/p>\n<\/div>\n\n\n\n<div class=\"wp-block-column is-layout-flow wp-block-column-is-layout-flow\">\n<figure class=\"wp-block-image size-large\"><img loading=\"lazy\" decoding=\"async\" width=\"2000\" height=\"2000\" src=\"https:\/\/erzgraeber.de\/wp-content\/uploads\/2021\/09\/medizinisch_klein-2000x2000.jpeg\" alt=\"\" class=\"wp-image-1669\" srcset=\"https:\/\/erzgraeber.de\/wp-content\/uploads\/2021\/09\/medizinisch_klein-2000x2000.jpeg 2000w, https:\/\/erzgraeber.de\/wp-content\/uploads\/2021\/09\/medizinisch_klein-300x300.jpeg 300w, https:\/\/erzgraeber.de\/wp-content\/uploads\/2021\/09\/medizinisch_klein-768x768.jpeg 768w, https:\/\/erzgraeber.de\/wp-content\/uploads\/2021\/09\/medizinisch_klein-1536x1536.jpeg 1536w, https:\/\/erzgraeber.de\/wp-content\/uploads\/2021\/09\/medizinisch_klein-2048x2048.jpeg 2048w, https:\/\/erzgraeber.de\/wp-content\/uploads\/2021\/09\/medizinisch_klein-144x144.jpeg 144w\" sizes=\"(max-width: 2000px) 100vw, 2000px\" \/><\/figure>\n\n\n\n<p class=\"has-text-align-center\">Babylammfell (medizinisch gegerbt)<\/p>\n<\/div>\n<\/div>\n","protected":false},"excerpt":{"rendered":"<p>Wir f\u00fchren ebenfalls einige besondere Fellprodukte, die wir Ihnen hier zusammenstellen. Viel Spa\u00df beim St\u00f6bern! Autofelle Schm\u00fccken Sie Ihr Auto mit unseren sch\u00f6nen und praktischen Autositzfellen! Der \u00dcberzug ist in anthrazit, beige und silber verf\u00fcgbar, die den Farben auf unseren anderen Produktseiten \u00e4hneln. Andernfalls k\u00f6nnen Sie sich&nbsp;hier&nbsp;ein Bild von den anderen Farben sowie der R\u00fcckseite [&hellip;]<\/p>\n","protected":false},"author":1,"featured_media":0,"parent":0,"menu_order":0,"comment_status":"closed","ping_status":"closed","template":"","meta":{"footnotes":""},"class_list":["post-720","page","type-page","status-publish","hentry"],"jetpack_sharing_enabled":true,"_links":{"self":[{"href":"https:\/\/erzgraeber.de\/index.php?rest_route=\/wp\/v2\/pages\/720"}],"collection":[{"href":"https:\/\/erzgraeber.de\/index.php?rest_route=\/wp\/v2\/pages"}],"about":[{"href":"https:\/\/erzgraeber.de\/index.php?rest_route=\/wp\/v2\/types\/page"}],"author":[{"embeddable":true,"href":"https:\/\/erzgraeber.de\/index.php?rest_route=\/wp\/v2\/users\/1"}],"replies":[{"embeddable":true,"href":"https:\/\/erzgraeber.de\/index.php?rest_route=%2Fwp%2Fv2%2Fcomments&post=720"}],"version-history":[{"count":33,"href":"https:\/\/erzgraeber.de\/index.php?rest_route=\/wp\/v2\/pages\/720\/revisions"}],"predecessor-version":[{"id":1672,"href":"https:\/\/erzgraeber.de\/index.php?rest_route=\/wp\/v2\/pages\/720\/revisions\/1672"}],"wp:attachment":[{"href":"https:\/\/erzgraeber.de\/index.php?rest_route=%2Fwp%2Fv2%2Fmedia&parent=720"}],"curies":[{"name":"wp","href":"https:\/\/api.w.org\/{rel}","templated":true}]}}