{"id":800,"date":"2020-04-20T14:06:56","date_gmt":"2020-04-20T14:06:56","guid":{"rendered":"https:\/\/erzgraeber.de\/?page_id=800"},"modified":"2020-04-23T11:20:10","modified_gmt":"2020-04-23T11:20:10","slug":"saitlinge","status":"publish","type":"page","link":"https:\/\/erzgraeber.de\/?page_id=800","title":{"rendered":"Schafsd\u00e4rme"},"content":{"rendered":"\n<p>Aus einem Schaf ergeben sich ca. 23 Meter Wursth\u00fclle.<\/p>\n\n\n\n<figure class=\"wp-block-table is-style-stripes\"><table><tbody><tr><td>Saitling<\/td><td>Bratwurst, Portionsbr\u00fchw\u00fcrstchen aller Art, z. B. Wiener, Frankfurter, Debrecziner<\/td><\/tr><tr><td>Hammelbutte<\/td><td>Salami, Jagdwurst, Blutwurst<\/td><\/tr><tr><td>Blase<\/td><td>Portionssalami<\/td><\/tr><\/tbody><\/table><\/figure>\n\n\n\n<p><\/p>\n","protected":false},"excerpt":{"rendered":"<p>Aus einem Schaf ergeben sich ca. 23 Meter Wursth\u00fclle. Saitling Bratwurst, Portionsbr\u00fchw\u00fcrstchen aller Art, z. B. Wiener, Frankfurter, Debrecziner Hammelbutte Salami, Jagdwurst, Blutwurst Blase Portionssalami<\/p>\n","protected":false},"author":1,"featured_media":0,"parent":0,"menu_order":0,"comment_status":"closed","ping_status":"closed","template":"","meta":{"footnotes":""},"class_list":["post-800","page","type-page","status-publish","hentry"],"jetpack_sharing_enabled":true,"_links":{"self":[{"href":"https:\/\/erzgraeber.de\/index.php?rest_route=\/wp\/v2\/pages\/800"}],"collection":[{"href":"https:\/\/erzgraeber.de\/index.php?rest_route=\/wp\/v2\/pages"}],"about":[{"href":"https:\/\/erzgraeber.de\/index.php?rest_route=\/wp\/v2\/types\/page"}],"author":[{"embeddable":true,"href":"https:\/\/erzgraeber.de\/index.php?rest_route=\/wp\/v2\/users\/1"}],"replies":[{"embeddable":true,"href":"https:\/\/erzgraeber.de\/index.php?rest_route=%2Fwp%2Fv2%2Fcomments&post=800"}],"version-history":[{"count":7,"href":"https:\/\/erzgraeber.de\/index.php?rest_route=\/wp\/v2\/pages\/800\/revisions"}],"predecessor-version":[{"id":856,"href":"https:\/\/erzgraeber.de\/index.php?rest_route=\/wp\/v2\/pages\/800\/revisions\/856"}],"wp:attachment":[{"href":"https:\/\/erzgraeber.de\/index.php?rest_route=%2Fwp%2Fv2%2Fmedia&parent=800"}],"curies":[{"name":"wp","href":"https:\/\/api.w.org\/{rel}","templated":true}]}}