{"id":901,"date":"2020-05-05T13:23:22","date_gmt":"2020-05-05T13:23:22","guid":{"rendered":"https:\/\/erzgraeber.de\/?page_id=901"},"modified":"2020-05-12T15:52:16","modified_gmt":"2020-05-12T15:52:16","slug":"folie","status":"publish","type":"page","link":"https:\/\/erzgraeber.de\/?page_id=901","title":{"rendered":"Folie \/ Einschlagpapiere"},"content":{"rendered":"\n<figure class=\"wp-block-table is-style-stripes\"><table><tbody><tr><td>Frischhaltefolie<\/td><td>30 \/ 45 \/ 60 cm<br>perforiert \/ zum Dehnen \/ f\u00fcr Frischfleisch + Obst<br>9 &#8211; 13 \u00b5m<br>auch in lila erh\u00e4ltlich<\/td><\/tr><tr><td>Inliner f\u00fcr Eurok\u00e4sten<\/td><td>als Rollen, Bl\u00e4tter oder Beutel<\/td><\/tr><tr><td>K\u00e4sefolie<\/td><td>30 \/ 45 \/ 60 cm \/\/ KOEX 38 cm<\/td><\/tr><tr><td>Allfolin Cell Zwischenlage\/<br>Allfolin Glas<\/td><td>1\/4 \/\/ 1\/6 \/\/ 1\/18 \/\/ 1\/16<\/td><\/tr><tr><td>Eurofolin Bl\u00e4tter<\/td><td>240\/360 \/\/ 1\/8 15 \u00b5<\/td><\/tr><tr><td>Fiwo Bl\u00e4tter<\/td><td>180\/210 &#8211; auch als Sparblock (8 &#8211; 10 \u00b5)<br>180\/240 1\/16 15 \u00b5<br>240\/360 1\/8 15 \u00b5<br>360\/480 1\/4 15 \u00b5<\/td><\/tr><tr><td>Einschlagpapiere <\/td><td>1\/2 \/\/ 1\/4 \/\/ 1\/8 \/\/ 1\/16<br>wei\u00df \/ pfirsichfarben<br><br>aromafrisch 12,5 kg<br>1\/4 \/\/ 1\/6 \/\/ 1\/18 \/\/ 1\/16<br>wei\u00df, braun, rot, kariert, unbedruckt<\/td><\/tr><tr><td>Pergabl\u00e4tter<\/td><td>1\/4 \/\/ 1\/8 \/\/ 1\/16 <br>8 &#8211; 10 \u00b5<\/td><\/tr><tr><td>Pergafin<\/td><td>1\/4 \/\/ 1\/8 \/\/ 1\/16 <br>Zeitungsdruck 1\/8<\/td><\/tr><tr><td>K\u00e4sezwischenlagen <\/td><td>1\/8 \/\/ 1\/16 \/\/ 1\/32 \/\/ 1\/64<\/td><\/tr><tr><td>H\u00e4hnchenbeutel<\/td><td>mit und ohne Alu<br>1\/1 \/\/ 1\/2<\/td><\/tr><tr><td>Metzgerwachspapier<\/td><td>1\/18 \/\/ 1\/16 <\/td><\/tr><\/tbody><\/table><\/figure>\n","protected":false},"excerpt":{"rendered":"<p>Frischhaltefolie 30 \/ 45 \/ 60 cmperforiert \/ zum Dehnen \/ f\u00fcr Frischfleisch + Obst9 &#8211; 13 \u00b5mauch in lila erh\u00e4ltlich Inliner f\u00fcr Eurok\u00e4sten als Rollen, Bl\u00e4tter oder Beutel K\u00e4sefolie 30 \/ 45 \/ 60 cm \/\/ KOEX 38 cm Allfolin Cell Zwischenlage\/Allfolin Glas 1\/4 \/\/ 1\/6 \/\/ 1\/18 \/\/ 1\/16 Eurofolin Bl\u00e4tter 240\/360 \/\/ [&hellip;]<\/p>\n","protected":false},"author":1,"featured_media":0,"parent":0,"menu_order":0,"comment_status":"closed","ping_status":"closed","template":"","meta":{"footnotes":""},"class_list":["post-901","page","type-page","status-publish","hentry"],"jetpack_sharing_enabled":true,"_links":{"self":[{"href":"https:\/\/erzgraeber.de\/index.php?rest_route=\/wp\/v2\/pages\/901"}],"collection":[{"href":"https:\/\/erzgraeber.de\/index.php?rest_route=\/wp\/v2\/pages"}],"about":[{"href":"https:\/\/erzgraeber.de\/index.php?rest_route=\/wp\/v2\/types\/page"}],"author":[{"embeddable":true,"href":"https:\/\/erzgraeber.de\/index.php?rest_route=\/wp\/v2\/users\/1"}],"replies":[{"embeddable":true,"href":"https:\/\/erzgraeber.de\/index.php?rest_route=%2Fwp%2Fv2%2Fcomments&post=901"}],"version-history":[{"count":14,"href":"https:\/\/erzgraeber.de\/index.php?rest_route=\/wp\/v2\/pages\/901\/revisions"}],"predecessor-version":[{"id":964,"href":"https:\/\/erzgraeber.de\/index.php?rest_route=\/wp\/v2\/pages\/901\/revisions\/964"}],"wp:attachment":[{"href":"https:\/\/erzgraeber.de\/index.php?rest_route=%2Fwp%2Fv2%2Fmedia&parent=901"}],"curies":[{"name":"wp","href":"https:\/\/api.w.org\/{rel}","templated":true}]}}