{"id":902,"date":"2020-05-05T13:23:22","date_gmt":"2020-05-05T13:23:22","guid":{"rendered":"https:\/\/erzgraeber.de\/?page_id=902"},"modified":"2020-05-27T11:10:26","modified_gmt":"2020-05-27T11:10:26","slug":"papiertueten-2","status":"publish","type":"page","link":"https:\/\/erzgraeber.de\/?page_id=902","title":{"rendered":"T\u00fcten"},"content":{"rendered":"\n<h4 class=\"wp-block-heading\">Papier<\/h4>\n\n\n\n<figure class=\"wp-block-table is-style-stripes\"><table><tbody><tr><td>Papiert\u00fcten<\/td><td>klein \/ gro\u00df \/ mittel<br>braun \/wei\u00df<\/td><\/tr><tr><td>Papiertragetaschen<\/td><td>braun \/ wei\u00df<br>mit und ohne Kordelzug<\/td><\/tr><tr><td>Baguettet\u00fcten<\/td><td>verschiedene Gr\u00f6\u00dfen<\/td><\/tr><\/tbody><\/table><figcaption>Bei uns k\u00f6nnen Sie auch individuell gestaltete Papiert\u00fcten erwerben!<\/figcaption><\/figure>\n\n\n\n<h4 class=\"wp-block-heading\">Kunststoff<\/h4>\n\n\n\n<figure class=\"wp-block-table is-style-stripes\"><table><tbody><tr><td>Eurofolin <\/td><td>HT2 Taschen<br>Beutel lose SF2 \/ SF4 \/ SF5 13-18 \u00b5m<br>Abrei\u00dfbeutel FB2 \/ FB4 \/ FB5 \/ FB6 \/\/ gr\u00fcn\/schwarz<\/td><\/tr><tr><td>Fiwo<\/td><td>Beutel <br>150\/240 &#8211; 10-12 \u00b5<br>200\/300 &#8211; auch als Sparblock<br>240\/350 &#8211; auch als Sparblock<br>280\/400 &#8211; auch als Sparblock<br>300\/500 &#8211; 10-12 \u00b5<br><br>Beutel mit Seitenfalte \/\/ S1 \/ S2 \/S4 \/ S5<\/td><\/tr><tr><td>Fleischs\u00e4cke<\/td><td>500&#215;800<br>500&#215;1000  35 \u00b5<br>600&#215;1000<\/td><\/tr><tr><td>Ruma<\/td><td>S\u00e4cke <br>400&#215;600<br>500&#215;800 blau\/ michig \/ auf Rolle, perforiert<br>600&#215;900<\/td><\/tr><tr><td>Tragetaschen<\/td><td>Hemdchen Delfter: 210x12x42 15\u00b5 \/ 250x15x49 20\u00b5<br><br>&#8218;Wochenende&#8216;: 300x200x550<br><br>transparent: 360x220x470<br><br>lachsfarben: 300x16x50 20 \u00b5<br><br>Regina: <br>&#8218;Frische, die schmeckt&#8216; &#8211; 250x120x450<br>transparent\/wei\u00df &#8211; 250x140x480<br>lachsfarben\/gr\u00fcn\/wei\u00df\/Design &#8218;Wurstplatte &#8211; 300x180x550<br><br>Schwerlast wei\u00df &#8211; 40x20x62 <br><br>wei\u00df mit Griffloch 30 \u00b5 &#8211; 240\/350 \/\/ 550\/550 \/\/ 370\/450 \/\/ 200\/300 \/\/ 200\/350 <br><br>Individuelle Gr\u00f6\u00dfen und St\u00e4rken mit Firmendruck sind m\u00f6glich!<\/td><\/tr><\/tbody><\/table><\/figure>\n\n\n\n<p><\/p>\n","protected":false},"excerpt":{"rendered":"<p>Papier Papiert\u00fcten klein \/ gro\u00df \/ mittelbraun \/wei\u00df Papiertragetaschen braun \/ wei\u00dfmit und ohne Kordelzug Baguettet\u00fcten verschiedene Gr\u00f6\u00dfen Bei uns k\u00f6nnen Sie auch individuell gestaltete Papiert\u00fcten erwerben! Kunststoff Eurofolin HT2 TaschenBeutel lose SF2 \/ SF4 \/ SF5 13-18 \u00b5mAbrei\u00dfbeutel FB2 \/ FB4 \/ FB5 \/ FB6 \/\/ gr\u00fcn\/schwarz Fiwo Beutel 150\/240 &#8211; 10-12 \u00b5200\/300 &#8211; [&hellip;]<\/p>\n","protected":false},"author":1,"featured_media":0,"parent":0,"menu_order":0,"comment_status":"closed","ping_status":"closed","template":"","meta":{"footnotes":""},"class_list":["post-902","page","type-page","status-publish","hentry"],"jetpack_sharing_enabled":true,"_links":{"self":[{"href":"https:\/\/erzgraeber.de\/index.php?rest_route=\/wp\/v2\/pages\/902"}],"collection":[{"href":"https:\/\/erzgraeber.de\/index.php?rest_route=\/wp\/v2\/pages"}],"about":[{"href":"https:\/\/erzgraeber.de\/index.php?rest_route=\/wp\/v2\/types\/page"}],"author":[{"embeddable":true,"href":"https:\/\/erzgraeber.de\/index.php?rest_route=\/wp\/v2\/users\/1"}],"replies":[{"embeddable":true,"href":"https:\/\/erzgraeber.de\/index.php?rest_route=%2Fwp%2Fv2%2Fcomments&post=902"}],"version-history":[{"count":5,"href":"https:\/\/erzgraeber.de\/index.php?rest_route=\/wp\/v2\/pages\/902\/revisions"}],"predecessor-version":[{"id":966,"href":"https:\/\/erzgraeber.de\/index.php?rest_route=\/wp\/v2\/pages\/902\/revisions\/966"}],"wp:attachment":[{"href":"https:\/\/erzgraeber.de\/index.php?rest_route=%2Fwp%2Fv2%2Fmedia&parent=902"}],"curies":[{"name":"wp","href":"https:\/\/api.w.org\/{rel}","templated":true}]}}