{"id":983,"date":"2020-05-29T12:14:27","date_gmt":"2020-05-29T12:14:27","guid":{"rendered":"https:\/\/erzgraeber.de\/?page_id=983"},"modified":"2020-05-29T12:32:48","modified_gmt":"2020-05-29T12:32:48","slug":"jacken-kittel-schuerzen","status":"publish","type":"page","link":"https:\/\/erzgraeber.de\/?page_id=983","title":{"rendered":"Oberteile"},"content":{"rendered":"\n<figure class=\"wp-block-table is-style-stripes\"><table><tbody><tr><td>Leiber Arbeitsjacke<\/td><td><\/td><\/tr><tr><td>langarm<\/td><td><\/td><\/tr><\/tbody><\/table><\/figure>\n\n\n\n<div style=\"height:40px\" aria-hidden=\"true\" class=\"wp-block-spacer\"><\/div>\n\n\n\n<figure class=\"wp-block-table is-style-stripes\"><table><tbody><tr><td>Kombidress Satinjacke Modell &#8218;Lido&#8216;<\/td><td><\/td><\/tr><tr><td>langarm\/kurzarm<\/td><td><\/td><\/tr><tr><td>Gr\u00f6\u00dfe S- 3XL<\/td><td><\/td><\/tr><\/tbody><\/table><\/figure>\n\n\n\n<div style=\"height:40px\" aria-hidden=\"true\" class=\"wp-block-spacer\"><\/div>\n\n\n\n<figure class=\"wp-block-table is-style-stripes\"><table><tbody><tr><td>Securesse Thermoshirt<br>Thermoweste <br>Thermojacke<\/td><td><\/td><\/tr><tr><td>versch. Gr\u00f6\u00dfen<\/td><td><\/td><\/tr><\/tbody><\/table><\/figure>\n\n\n\n<div style=\"height:40px\" aria-hidden=\"true\" class=\"wp-block-spacer\"><\/div>\n\n\n\n<figure class=\"wp-block-table is-style-stripes\"><table><tbody><tr><td>Leiber \u00dcberwurfsch\u00fcrzen<\/td><td>versch. Farben<\/td><\/tr><tr><td>Gummisch\u00fcrzen<br>Gr. 105-135 cm<\/td><td>Export &#8211; dick<br>Ledolin &#8211; d\u00fcnn<br>Isch\u00fc &#8211; sehr d\u00fcnn<\/td><\/tr><tr><td>Kombidress Stoffsch\u00fcrzen<br>Gr. 105 &#8211; 135 cm<\/td><td>rot kariert \/ wei\u00df <br>auch wasserabweisend verf\u00fcgbar<br><\/td><\/tr><tr><td>Stechschutzsch\u00fcrzen \/ <br>Stechschutzhemdsch\u00fcrzen<\/td><td><\/td><\/tr><\/tbody><\/table><\/figure>\n","protected":false},"excerpt":{"rendered":"<p>Leiber Arbeitsjacke langarm Kombidress Satinjacke Modell &#8218;Lido&#8216; langarm\/kurzarm Gr\u00f6\u00dfe S- 3XL Securesse ThermoshirtThermoweste Thermojacke versch. Gr\u00f6\u00dfen Leiber \u00dcberwurfsch\u00fcrzen versch. Farben Gummisch\u00fcrzenGr. 105-135 cm Export &#8211; dickLedolin &#8211; d\u00fcnnIsch\u00fc &#8211; sehr d\u00fcnn Kombidress Stoffsch\u00fcrzenGr. 105 &#8211; 135 cm rot kariert \/ wei\u00df auch wasserabweisend verf\u00fcgbar Stechschutzsch\u00fcrzen \/ Stechschutzhemdsch\u00fcrzen<\/p>\n","protected":false},"author":1,"featured_media":0,"parent":0,"menu_order":0,"comment_status":"closed","ping_status":"closed","template":"","meta":{"footnotes":""},"class_list":["post-983","page","type-page","status-publish","hentry"],"jetpack_sharing_enabled":true,"_links":{"self":[{"href":"https:\/\/erzgraeber.de\/index.php?rest_route=\/wp\/v2\/pages\/983"}],"collection":[{"href":"https:\/\/erzgraeber.de\/index.php?rest_route=\/wp\/v2\/pages"}],"about":[{"href":"https:\/\/erzgraeber.de\/index.php?rest_route=\/wp\/v2\/types\/page"}],"author":[{"embeddable":true,"href":"https:\/\/erzgraeber.de\/index.php?rest_route=\/wp\/v2\/users\/1"}],"replies":[{"embeddable":true,"href":"https:\/\/erzgraeber.de\/index.php?rest_route=%2Fwp%2Fv2%2Fcomments&post=983"}],"version-history":[{"count":5,"href":"https:\/\/erzgraeber.de\/index.php?rest_route=\/wp\/v2\/pages\/983\/revisions"}],"predecessor-version":[{"id":1004,"href":"https:\/\/erzgraeber.de\/index.php?rest_route=\/wp\/v2\/pages\/983\/revisions\/1004"}],"wp:attachment":[{"href":"https:\/\/erzgraeber.de\/index.php?rest_route=%2Fwp%2Fv2%2Fmedia&parent=983"}],"curies":[{"name":"wp","href":"https:\/\/api.w.org\/{rel}","templated":true}]}}